{"id":9,"date":"2019-08-22T17:10:35","date_gmt":"2019-08-22T21:10:35","guid":{"rendered":"https:\/\/fundar.cl\/santiago\/?page_id=9"},"modified":"2020-01-14T12:47:11","modified_gmt":"2020-01-14T16:47:11","slug":"contacto","status":"publish","type":"page","link":"https:\/\/fundar.cl\/santiago\/contacto\/","title":{"rendered":"Contacto"},"content":{"rendered":"\t\t<div data-elementor-type=\"wp-post\" data-elementor-id=\"9\" class=\"elementor elementor-9\" data-elementor-settings=\"[]\">\n\t\t\t\t\t\t<div class=\"elementor-inner\">\n\t\t\t\t\t\t\t<div class=\"elementor-section-wrap\">\n\t\t\t\t\t\t\t<section class=\"elementor-section elementor-top-section elementor-element elementor-element-7cc928e elementor-section-height-min-height elementor-section-boxed elementor-section-height-default elementor-section-items-middle\" data-id=\"7cc928e\" data-element_type=\"section\" data-settings=\"{&quot;background_background&quot;:&quot;classic&quot;}\">\n\t\t\t\t\t\t\t<div class=\"elementor-background-overlay\"><\/div>\n\t\t\t\t\t\t\t<div class=\"elementor-container elementor-column-gap-default\">\n\t\t\t\t\t\t\t<div class=\"elementor-row\">\n\t\t\t\t\t<div class=\"elementor-column elementor-col-100 elementor-top-column elementor-element elementor-element-4090540\" data-id=\"4090540\" data-element_type=\"column\">\n\t\t\t<div class=\"elementor-column-wrap elementor-element-populated\">\n\t\t\t\t\t\t\t<div class=\"elementor-widget-wrap\">\n\t\t\t\t\t\t<section class=\"elementor-section elementor-inner-section elementor-element elementor-element-0055ea7 elementor-section-boxed elementor-section-height-default elementor-section-height-default\" data-id=\"0055ea7\" data-element_type=\"section\">\n\t\t\t\t\t\t<div class=\"elementor-container elementor-column-gap-default\">\n\t\t\t\t\t\t\t<div class=\"elementor-row\">\n\t\t\t\t\t<div class=\"elementor-column elementor-col-100 elementor-inner-column elementor-element elementor-element-1592b2a\" data-id=\"1592b2a\" data-element_type=\"column\">\n\t\t\t<div class=\"elementor-column-wrap elementor-element-populated\">\n\t\t\t\t\t\t\t<div class=\"elementor-widget-wrap\">\n\t\t\t\t\t\t<div class=\"elementor-element elementor-element-a22b2d6 elementor-widget elementor-widget-heading\" data-id=\"a22b2d6\" data-element_type=\"widget\" data-widget_type=\"heading.default\">\n\t\t\t\t<div class=\"elementor-widget-container\">\n\t\t\t<div class=\"elementor-heading-title elementor-size-default\">CONTACTANOS<\/div>\t\t<\/div>\n\t\t\t\t<\/div>\n\t\t\t\t<div class=\"elementor-element elementor-element-ae8d7e3 elementor-widget-divider--view-line elementor-widget elementor-widget-divider\" data-id=\"ae8d7e3\" data-element_type=\"widget\" data-widget_type=\"divider.default\">\n\t\t\t\t<div class=\"elementor-widget-container\">\n\t\t\t\t\t<div class=\"elementor-divider\">\n\t\t\t<span class=\"elementor-divider-separator\">\n\t\t\t\t\t\t<\/span>\n\t\t<\/div>\n\t\t\t\t<\/div>\n\t\t\t\t<\/div>\n\t\t\t\t\t\t<\/div>\n\t\t\t\t\t<\/div>\n\t\t<\/div>\n\t\t\t\t\t\t\t\t<\/div>\n\t\t\t\t\t<\/div>\n\t\t<\/section>\n\t\t\t\t\t\t<\/div>\n\t\t\t\t\t<\/div>\n\t\t<\/div>\n\t\t\t\t\t\t\t\t<\/div>\n\t\t\t\t\t<\/div>\n\t\t<\/section>\n\t\t\t\t<section class=\"elementor-section elementor-top-section elementor-element elementor-element-c3b9b3f elementor-section-boxed elementor-section-height-default elementor-section-height-default\" data-id=\"c3b9b3f\" data-element_type=\"section\">\n\t\t\t\t\t\t<div class=\"elementor-container elementor-column-gap-default\">\n\t\t\t\t\t\t\t<div class=\"elementor-row\">\n\t\t\t\t\t<div class=\"elementor-column elementor-col-100 elementor-top-column elementor-element elementor-element-b43ee86\" data-id=\"b43ee86\" data-element_type=\"column\">\n\t\t\t<div class=\"elementor-column-wrap elementor-element-populated\">\n\t\t\t\t\t\t\t<div class=\"elementor-widget-wrap\">\n\t\t\t\t\t\t<div class=\"elementor-element elementor-element-b57cb78 elementor-widget elementor-widget-spacer\" data-id=\"b57cb78\" data-element_type=\"widget\" data-widget_type=\"spacer.default\">\n\t\t\t\t<div class=\"elementor-widget-container\">\n\t\t\t\t\t<div class=\"elementor-spacer\">\n\t\t\t<div class=\"elementor-spacer-inner\"><\/div>\n\t\t<\/div>\n\t\t\t\t<\/div>\n\t\t\t\t<\/div>\n\t\t\t\t<div class=\"elementor-element elementor-element-721154f elementor-widget elementor-widget-heading\" data-id=\"721154f\" data-element_type=\"widget\" data-widget_type=\"heading.default\">\n\t\t\t\t<div class=\"elementor-widget-container\">\n\t\t\t<div class=\"elementor-heading-title elementor-size-default\">Completa el formulario y te responderemos a la brevedad<\/div>\t\t<\/div>\n\t\t\t\t<\/div>\n\t\t\t\t<section class=\"elementor-section elementor-inner-section elementor-element elementor-element-99e4885 elementor-section-boxed elementor-section-height-default elementor-section-height-default\" data-id=\"99e4885\" data-element_type=\"section\">\n\t\t\t\t\t\t<div class=\"elementor-container elementor-column-gap-default\">\n\t\t\t\t\t\t\t<div class=\"elementor-row\">\n\t\t\t\t\t<div class=\"elementor-column elementor-col-50 elementor-inner-column elementor-element elementor-element-d792e22\" data-id=\"d792e22\" data-element_type=\"column\">\n\t\t\t<div class=\"elementor-column-wrap elementor-element-populated\">\n\t\t\t\t\t\t\t<div class=\"elementor-widget-wrap\">\n\t\t\t\t\t\t<div class=\"elementor-element elementor-element-173f823 elementor-button-align-stretch elementor-widget elementor-widget-form\" data-id=\"173f823\" data-element_type=\"widget\" data-settings=\"{&quot;button_width&quot;:&quot;100&quot;,&quot;step_next_label&quot;:&quot;Next&quot;,&quot;step_previous_label&quot;:&quot;Previous&quot;,&quot;step_type&quot;:&quot;number_text&quot;,&quot;step_icon_shape&quot;:&quot;circle&quot;}\" data-widget_type=\"form.default\">\n\t\t\t\t<div class=\"elementor-widget-container\">\n\t\t\t\t\t<form class=\"elementor-form\" method=\"post\" name=\"New Form\">\n\t\t\t<input type=\"hidden\" name=\"post_id\" value=\"9\"\/>\n\t\t\t<input type=\"hidden\" name=\"form_id\" value=\"173f823\"\/>\n\n\t\t\t\n\t\t\t<div class=\"elementor-form-fields-wrapper elementor-labels-above\">\n\t\t\t\t\t\t\t\t<div class=\"elementor-field-type-text elementor-field-group elementor-column elementor-field-group-field_4 elementor-col-100 elementor-field-required\">\n\t\t\t\t\t<label for=\"form-field-field_4\" class=\"elementor-field-label\">Nombre<\/label><input size=\"1\" type=\"text\" name=\"form_fields[field_4]\" id=\"form-field-field_4\" class=\"elementor-field elementor-size-sm  elementor-field-textual\" placeholder=\"Nombre\" required=\"required\" aria-required=\"true\">\t\t\t\t<\/div>\n\t\t\t\t\t\t\t\t<div class=\"elementor-field-type-email elementor-field-group elementor-column elementor-field-group-email elementor-col-100 elementor-field-required\">\n\t\t\t\t\t<label for=\"form-field-email\" class=\"elementor-field-label\">Correo<\/label><input size=\"1\" type=\"email\" name=\"form_fields[email]\" id=\"form-field-email\" class=\"elementor-field elementor-size-sm  elementor-field-textual\" placeholder=\"Email\" required=\"required\" aria-required=\"true\">\t\t\t\t<\/div>\n\t\t\t\t\t\t\t\t<div class=\"elementor-field-type-tel elementor-field-group elementor-column elementor-field-group-field_1 elementor-col-100 elementor-field-required\">\n\t\t\t\t\t<label for=\"form-field-field_1\" class=\"elementor-field-label\">Tel\u00e9fono<\/label><input size=\"1\" type=\"tel\" name=\"form_fields[field_1]\" id=\"form-field-field_1\" class=\"elementor-field elementor-size-sm  elementor-field-textual\" placeholder=\"Tel\u00e9fono\" required=\"required\" aria-required=\"true\" pattern=\"[0-9()#&amp;+*-=.]+\" title=\"Only numbers and phone characters (#, -, *, etc) are accepted.\">\t\t\t\t<\/div>\n\t\t\t\t\t\t\t\t<div class=\"elementor-field-type-radio elementor-field-group elementor-column elementor-field-group-field_2 elementor-col-100 elementor-field-required\">\n\t\t\t\t\t<label for=\"form-field-field_2\" class=\"elementor-field-label\">\u00bfQu\u00e9 necesitas?<\/label><div class=\"elementor-field-subgroup  \"><span class=\"elementor-field-option\"><input type=\"radio\" value=\"Regularizar\" id=\"form-field-field_2-0\" name=\"form_fields[field_2]\" required=\"required\" aria-required=\"true\"> <label for=\"form-field-field_2-0\">Regularizar<\/label><\/span><span class=\"elementor-field-option\"><input type=\"radio\" value=\"Ampliaci\u00f3n\" id=\"form-field-field_2-1\" name=\"form_fields[field_2]\" required=\"required\" aria-required=\"true\"> <label for=\"form-field-field_2-1\">Ampliaci\u00f3n<\/label><\/span><span class=\"elementor-field-option\"><input type=\"radio\" value=\"Construcci\u00f3n\" id=\"form-field-field_2-2\" name=\"form_fields[field_2]\" required=\"required\" aria-required=\"true\"> <label for=\"form-field-field_2-2\">Construcci\u00f3n<\/label><\/span><span class=\"elementor-field-option\"><input type=\"radio\" value=\"Otro\" id=\"form-field-field_2-3\" name=\"form_fields[field_2]\" required=\"required\" aria-required=\"true\"> <label for=\"form-field-field_2-3\">Otro<\/label><\/span><\/div>\t\t\t\t<\/div>\n\t\t\t\t\t\t\t\t<div class=\"elementor-field-type-textarea elementor-field-group elementor-column elementor-field-group-message elementor-col-100 elementor-field-required\">\n\t\t\t\t\t<label for=\"form-field-message\" class=\"elementor-field-label\">Mensaje<\/label><textarea class=\"elementor-field-textual elementor-field  elementor-size-sm\" name=\"form_fields[message]\" id=\"form-field-message\" rows=\"4\" placeholder=\"Cu\u00e9ntanos con m\u00e1s detalle qu\u00e9 necesitas\" required=\"required\" aria-required=\"true\"><\/textarea>\t\t\t\t<\/div>\n\t\t\t\t\t\t\t\t<div class=\"elementor-field-group elementor-column elementor-field-type-submit elementor-col-100 e-form__buttons\">\n\t\t\t\t\t<button type=\"submit\" class=\"elementor-button elementor-size-sm\">\n\t\t\t\t\t\t<span >\n\t\t\t\t\t\t\t\t\t\t\t\t\t\t\t<span class=\" elementor-button-icon\">\n\t\t\t\t\t\t\t\t\t\t\t\t\t\t\t\t\t\t\t\t\t\t\t\t\t\t<\/span>\n\t\t\t\t\t\t\t\t\t\t\t\t\t\t\t\t\t\t\t\t\t\t<span class=\"elementor-button-text\">Enviar<\/span>\n\t\t\t\t\t\t\t\t\t\t\t\t\t<\/span>\n\t\t\t\t\t<\/button>\n\t\t\t\t<\/div>\n\t\t\t<\/div>\n\t\t<\/form>\n\t\t\t\t<\/div>\n\t\t\t\t<\/div>\n\t\t\t\t<div class=\"elementor-element elementor-element-9efb832 elementor-widget elementor-widget-heading\" data-id=\"9efb832\" data-element_type=\"widget\" data-widget_type=\"heading.default\">\n\t\t\t\t<div class=\"elementor-widget-container\">\n\t\t\t<div class=\"elementor-heading-title elementor-size-default\">El valor de la visita a terreno tiene un costo de 1 UF ($28.000.-). Monto que se descontar\u00e1 una vez aprobado el presupuesto.<\/div>\t\t<\/div>\n\t\t\t\t<\/div>\n\t\t\t\t\t\t<\/div>\n\t\t\t\t\t<\/div>\n\t\t<\/div>\n\t\t\t\t<div class=\"elementor-column elementor-col-50 elementor-inner-column elementor-element elementor-element-03b3d29\" data-id=\"03b3d29\" data-element_type=\"column\">\n\t\t\t<div class=\"elementor-column-wrap elementor-element-populated\">\n\t\t\t\t\t\t\t<div class=\"elementor-widget-wrap\">\n\t\t\t\t\t\t<div class=\"elementor-element elementor-element-0450bc4 elementor-widget elementor-widget-google_maps\" data-id=\"0450bc4\" data-element_type=\"widget\" data-widget_type=\"google_maps.default\">\n\t\t\t\t<div class=\"elementor-widget-container\">\n\t\t\t<div class=\"elementor-custom-embed\"><iframe frameborder=\"0\" scrolling=\"no\" marginheight=\"0\" marginwidth=\"0\" src=\"https:\/\/maps.google.com\/maps?q=merced%2032&amp;t=m&amp;z=16&amp;output=embed&amp;iwloc=near\" title=\"merced 32\" aria-label=\"merced 32\"><\/iframe><\/div>\t\t<\/div>\n\t\t\t\t<\/div>\n\t\t\t\t<div class=\"elementor-element elementor-element-346b166 elementor-widget elementor-widget-spacer\" data-id=\"346b166\" data-element_type=\"widget\" data-widget_type=\"spacer.default\">\n\t\t\t\t<div class=\"elementor-widget-container\">\n\t\t\t\t\t<div class=\"elementor-spacer\">\n\t\t\t<div class=\"elementor-spacer-inner\"><\/div>\n\t\t<\/div>\n\t\t\t\t<\/div>\n\t\t\t\t<\/div>\n\t\t\t\t\t\t<\/div>\n\t\t\t\t\t<\/div>\n\t\t<\/div>\n\t\t\t\t\t\t\t\t<\/div>\n\t\t\t\t\t<\/div>\n\t\t<\/section>\n\t\t\t\t<div class=\"elementor-element elementor-element-18409f3 elementor-widget elementor-widget-spacer\" data-id=\"18409f3\" data-element_type=\"widget\" data-widget_type=\"spacer.default\">\n\t\t\t\t<div class=\"elementor-widget-container\">\n\t\t\t\t\t<div class=\"elementor-spacer\">\n\t\t\t<div class=\"elementor-spacer-inner\"><\/div>\n\t\t<\/div>\n\t\t\t\t<\/div>\n\t\t\t\t<\/div>\n\t\t\t\t<div class=\"elementor-element elementor-element-5aad640 elementor-widget elementor-widget-spacer\" data-id=\"5aad640\" data-element_type=\"widget\" data-widget_type=\"spacer.default\">\n\t\t\t\t<div class=\"elementor-widget-container\">\n\t\t\t\t\t<div class=\"elementor-spacer\">\n\t\t\t<div class=\"elementor-spacer-inner\"><\/div>\n\t\t<\/div>\n\t\t\t\t<\/div>\n\t\t\t\t<\/div>\n\t\t\t\t\t\t<\/div>\n\t\t\t\t\t<\/div>\n\t\t<\/div>\n\t\t\t\t\t\t\t\t<\/div>\n\t\t\t\t\t<\/div>\n\t\t<\/section>\n\t\t\t\t\t\t<\/div>\n\t\t\t\t\t\t<\/div>\n\t\t\t\t\t<\/div>\n\t\t","protected":false},"excerpt":{"rendered":"<p>CONTACTANOS Completa el formulario y te responderemos a la brevedad El valor de la visita a terreno tiene un costo de 1 UF ($28.000.-). Monto que se descontar\u00e1 una vez aprobado el presupuesto.<\/p>\n","protected":false},"author":4,"featured_media":0,"parent":0,"menu_order":0,"comment_status":"closed","ping_status":"closed","template":"elementor_header_footer","meta":[],"yoast_head":"<!-- This site is optimized with the Yoast SEO plugin v15.8 - https:\/\/yoast.com\/wordpress\/plugins\/seo\/ -->\n<title>Contacto - Fundar<\/title>\n<meta name=\"robots\" content=\"index, follow, max-snippet:-1, max-image-preview:large, max-video-preview:-1\" \/>\n<link rel=\"canonical\" href=\"https:\/\/fundar.cl\/santiago\/contacto\/\" \/>\n<meta property=\"og:locale\" content=\"es_ES\" \/>\n<meta property=\"og:type\" content=\"article\" \/>\n<meta property=\"og:title\" content=\"Contacto - Fundar\" \/>\n<meta property=\"og:description\" content=\"CONTACTANOS Completa el formulario y te responderemos a la brevedad El valor de la visita a terreno tiene un costo de 1 UF ($28.000.-). Monto que se descontar\u00e1 una vez aprobado el presupuesto.\" \/>\n<meta property=\"og:url\" content=\"https:\/\/fundar.cl\/santiago\/contacto\/\" \/>\n<meta property=\"og:site_name\" content=\"Fundar\" \/>\n<meta property=\"article:modified_time\" content=\"2020-01-14T16:47:11+00:00\" \/>\n<meta name=\"twitter:card\" content=\"summary_large_image\" \/>\n<script type=\"application\/ld+json\" class=\"yoast-schema-graph\">{\"@context\":\"https:\/\/schema.org\",\"@graph\":[{\"@type\":\"WebSite\",\"@id\":\"https:\/\/fundar.cl\/santiago\/#website\",\"url\":\"https:\/\/fundar.cl\/santiago\/\",\"name\":\"Fundar\",\"description\":\"Arquitectura Integral\",\"potentialAction\":[{\"@type\":\"SearchAction\",\"target\":\"https:\/\/fundar.cl\/santiago\/?s={search_term_string}\",\"query-input\":\"required name=search_term_string\"}],\"inLanguage\":\"es-CL\"},{\"@type\":\"WebPage\",\"@id\":\"https:\/\/fundar.cl\/santiago\/contacto\/#webpage\",\"url\":\"https:\/\/fundar.cl\/santiago\/contacto\/\",\"name\":\"Contacto - Fundar\",\"isPartOf\":{\"@id\":\"https:\/\/fundar.cl\/santiago\/#website\"},\"datePublished\":\"2019-08-22T21:10:35+00:00\",\"dateModified\":\"2020-01-14T16:47:11+00:00\",\"breadcrumb\":{\"@id\":\"https:\/\/fundar.cl\/santiago\/contacto\/#breadcrumb\"},\"inLanguage\":\"es-CL\",\"potentialAction\":[{\"@type\":\"ReadAction\",\"target\":[\"https:\/\/fundar.cl\/santiago\/contacto\/\"]}]},{\"@type\":\"BreadcrumbList\",\"@id\":\"https:\/\/fundar.cl\/santiago\/contacto\/#breadcrumb\",\"itemListElement\":[{\"@type\":\"ListItem\",\"position\":1,\"item\":{\"@type\":\"WebPage\",\"@id\":\"https:\/\/fundar.cl\/santiago\/\",\"url\":\"https:\/\/fundar.cl\/santiago\/\",\"name\":\"Portada\"}},{\"@type\":\"ListItem\",\"position\":2,\"item\":{\"@type\":\"WebPage\",\"@id\":\"https:\/\/fundar.cl\/santiago\/contacto\/\",\"url\":\"https:\/\/fundar.cl\/santiago\/contacto\/\",\"name\":\"Contacto\"}}]}]}<\/script>\n<!-- \/ Yoast SEO plugin. -->","_links":{"self":[{"href":"https:\/\/fundar.cl\/santiago\/wp-json\/wp\/v2\/pages\/9"}],"collection":[{"href":"https:\/\/fundar.cl\/santiago\/wp-json\/wp\/v2\/pages"}],"about":[{"href":"https:\/\/fundar.cl\/santiago\/wp-json\/wp\/v2\/types\/page"}],"author":[{"embeddable":true,"href":"https:\/\/fundar.cl\/santiago\/wp-json\/wp\/v2\/users\/4"}],"replies":[{"embeddable":true,"href":"https:\/\/fundar.cl\/santiago\/wp-json\/wp\/v2\/comments?post=9"}],"version-history":[{"count":20,"href":"https:\/\/fundar.cl\/santiago\/wp-json\/wp\/v2\/pages\/9\/revisions"}],"predecessor-version":[{"id":331,"href":"https:\/\/fundar.cl\/santiago\/wp-json\/wp\/v2\/pages\/9\/revisions\/331"}],"wp:attachment":[{"href":"https:\/\/fundar.cl\/santiago\/wp-json\/wp\/v2\/media?parent=9"}],"curies":[{"name":"wp","href":"https:\/\/api.w.org\/{rel}","templated":true}]}}