{"id":51,"date":"2019-08-25T23:04:52","date_gmt":"2019-08-26T03:04:52","guid":{"rendered":"https:\/\/fundar.cl\/santiago\/?page_id=51"},"modified":"2021-02-02T13:18:19","modified_gmt":"2021-02-02T17:18:19","slug":"somos","status":"publish","type":"page","link":"https:\/\/fundar.cl\/santiago\/somos\/","title":{"rendered":"Somos"},"content":{"rendered":"\t\t<div data-elementor-type=\"wp-post\" data-elementor-id=\"51\" class=\"elementor elementor-51\" data-elementor-settings=\"[]\">\n\t\t\t\t\t\t<div class=\"elementor-inner\">\n\t\t\t\t\t\t\t<div class=\"elementor-section-wrap\">\n\t\t\t\t\t\t\t<section class=\"elementor-section elementor-top-section elementor-element elementor-element-b552344 elementor-section-height-min-height elementor-section-boxed elementor-section-height-default elementor-section-items-middle\" data-id=\"b552344\" data-element_type=\"section\" data-settings=\"{&quot;background_background&quot;:&quot;classic&quot;}\">\n\t\t\t\t\t\t\t<div class=\"elementor-background-overlay\"><\/div>\n\t\t\t\t\t\t\t<div class=\"elementor-container elementor-column-gap-default\">\n\t\t\t\t\t\t\t<div class=\"elementor-row\">\n\t\t\t\t\t<div class=\"elementor-column elementor-col-100 elementor-top-column elementor-element elementor-element-12df650\" data-id=\"12df650\" data-element_type=\"column\">\n\t\t\t<div class=\"elementor-column-wrap elementor-element-populated\">\n\t\t\t\t\t\t\t<div class=\"elementor-widget-wrap\">\n\t\t\t\t\t\t<section class=\"elementor-section elementor-inner-section elementor-element elementor-element-b27bf02 elementor-section-boxed elementor-section-height-default elementor-section-height-default\" data-id=\"b27bf02\" data-element_type=\"section\">\n\t\t\t\t\t\t<div class=\"elementor-container elementor-column-gap-default\">\n\t\t\t\t\t\t\t<div class=\"elementor-row\">\n\t\t\t\t\t<div class=\"elementor-column elementor-col-100 elementor-inner-column elementor-element elementor-element-4473fd5\" data-id=\"4473fd5\" data-element_type=\"column\">\n\t\t\t<div class=\"elementor-column-wrap elementor-element-populated\">\n\t\t\t\t\t\t\t<div class=\"elementor-widget-wrap\">\n\t\t\t\t\t\t<div class=\"elementor-element elementor-element-dbe33e6 elementor-widget elementor-widget-heading\" data-id=\"dbe33e6\" data-element_type=\"widget\" data-widget_type=\"heading.default\">\n\t\t\t\t<div class=\"elementor-widget-container\">\n\t\t\t<div class=\"elementor-heading-title elementor-size-default\">QUIENES SOMOS<\/div>\t\t<\/div>\n\t\t\t\t<\/div>\n\t\t\t\t<div class=\"elementor-element elementor-element-997b732 elementor-widget-divider--view-line elementor-widget elementor-widget-divider\" data-id=\"997b732\" data-element_type=\"widget\" data-widget_type=\"divider.default\">\n\t\t\t\t<div class=\"elementor-widget-container\">\n\t\t\t\t\t<div class=\"elementor-divider\">\n\t\t\t<span class=\"elementor-divider-separator\">\n\t\t\t\t\t\t<\/span>\n\t\t<\/div>\n\t\t\t\t<\/div>\n\t\t\t\t<\/div>\n\t\t\t\t\t\t<\/div>\n\t\t\t\t\t<\/div>\n\t\t<\/div>\n\t\t\t\t\t\t\t\t<\/div>\n\t\t\t\t\t<\/div>\n\t\t<\/section>\n\t\t\t\t\t\t<\/div>\n\t\t\t\t\t<\/div>\n\t\t<\/div>\n\t\t\t\t\t\t\t\t<\/div>\n\t\t\t\t\t<\/div>\n\t\t<\/section>\n\t\t\t\t<section class=\"elementor-section elementor-top-section elementor-element elementor-element-5b7aad9 elementor-section-boxed elementor-section-height-default elementor-section-height-default\" data-id=\"5b7aad9\" data-element_type=\"section\">\n\t\t\t\t\t\t<div class=\"elementor-container elementor-column-gap-default\">\n\t\t\t\t\t\t\t<div class=\"elementor-row\">\n\t\t\t\t\t<div class=\"elementor-column elementor-col-100 elementor-top-column elementor-element elementor-element-4926527\" data-id=\"4926527\" data-element_type=\"column\">\n\t\t\t<div class=\"elementor-column-wrap elementor-element-populated\">\n\t\t\t\t\t\t\t<div class=\"elementor-widget-wrap\">\n\t\t\t\t\t\t<div class=\"elementor-element elementor-element-12381fa elementor-widget elementor-widget-spacer\" data-id=\"12381fa\" data-element_type=\"widget\" data-widget_type=\"spacer.default\">\n\t\t\t\t<div class=\"elementor-widget-container\">\n\t\t\t\t\t<div class=\"elementor-spacer\">\n\t\t\t<div class=\"elementor-spacer-inner\"><\/div>\n\t\t<\/div>\n\t\t\t\t<\/div>\n\t\t\t\t<\/div>\n\t\t\t\t<section class=\"elementor-section elementor-inner-section elementor-element elementor-element-b0c39c3 elementor-section-boxed elementor-section-height-default elementor-section-height-default\" data-id=\"b0c39c3\" data-element_type=\"section\">\n\t\t\t\t\t\t<div class=\"elementor-container elementor-column-gap-default\">\n\t\t\t\t\t\t\t<div class=\"elementor-row\">\n\t\t\t\t\t<div class=\"elementor-column elementor-col-50 elementor-inner-column elementor-element elementor-element-c0feb19\" data-id=\"c0feb19\" data-element_type=\"column\">\n\t\t\t<div class=\"elementor-column-wrap elementor-element-populated\">\n\t\t\t\t\t\t\t<div class=\"elementor-widget-wrap\">\n\t\t\t\t\t\t<div class=\"elementor-element elementor-element-be74d62 elementor-widget elementor-widget-text-editor\" data-id=\"be74d62\" data-element_type=\"widget\" data-widget_type=\"text-editor.default\">\n\t\t\t\t<div class=\"elementor-widget-container\">\n\t\t\t\t\t<div class=\"elementor-text-editor elementor-clearfix\"><p>Somos una instituci\u00f3n compuesta por un equipo de profesionales del \u00e1rea de la Arquitectura y la construcci\u00f3n. En nuestros 22 a\u00f1os de trayectoria hemos asesorado a miles de personas con problemas t\u00e9cnicos y\/o legales, adem\u00e1s de haber concretado diversos proyectos de arquitectura aprobados en toda el \u00e1rea de la regi\u00f3n metropolitana.<br><br><br>Nuestra misi\u00f3n es facilitar a nuestros clientes el proceso de gesti\u00f3n para la obtenci\u00f3n de distintos tr\u00e1mites municipales como permisos de obras, subdivisiones prediales, cambios de destinos, recepciones finales entre otros.<\/p><\/div>\n\t\t\t\t<\/div>\n\t\t\t\t<\/div>\n\t\t\t\t\t\t<\/div>\n\t\t\t\t\t<\/div>\n\t\t<\/div>\n\t\t\t\t<div class=\"elementor-column elementor-col-50 elementor-inner-column elementor-element elementor-element-197636d\" data-id=\"197636d\" data-element_type=\"column\">\n\t\t\t<div class=\"elementor-column-wrap elementor-element-populated\">\n\t\t\t\t\t\t\t<div class=\"elementor-widget-wrap\">\n\t\t\t\t\t\t<div class=\"elementor-element elementor-element-2b35401 elementor-widget elementor-widget-image\" data-id=\"2b35401\" data-element_type=\"widget\" data-widget_type=\"image.default\">\n\t\t\t\t<div class=\"elementor-widget-container\">\n\t\t\t\t\t<div class=\"elementor-image\">\n\t\t\t\t\t\t\t\t\t\t<img width=\"544\" height=\"544\" src=\"https:\/\/fundar.cl\/santiago\/wp-content\/uploads\/2019\/08\/logo-fundar.png\" class=\"attachment-large size-large\" alt=\"\" loading=\"lazy\" srcset=\"https:\/\/fundar.cl\/santiago\/wp-content\/uploads\/2019\/08\/logo-fundar.png 544w, https:\/\/fundar.cl\/santiago\/wp-content\/uploads\/2019\/08\/logo-fundar-150x150.png 150w, https:\/\/fundar.cl\/santiago\/wp-content\/uploads\/2019\/08\/logo-fundar-300x300.png 300w\" sizes=\"(max-width: 34.9rem) calc(100vw - 2rem), (max-width: 53rem) calc(8 * (100vw \/ 12)), (min-width: 53rem) calc(6 * (100vw \/ 12)), 100vw\" \/>\t\t\t\t\t\t\t\t\t\t\t<\/div>\n\t\t\t\t<\/div>\n\t\t\t\t<\/div>\n\t\t\t\t\t\t<\/div>\n\t\t\t\t\t<\/div>\n\t\t<\/div>\n\t\t\t\t\t\t\t\t<\/div>\n\t\t\t\t\t<\/div>\n\t\t<\/section>\n\t\t\t\t<div class=\"elementor-element elementor-element-52e80ef elementor-widget elementor-widget-spacer\" data-id=\"52e80ef\" data-element_type=\"widget\" data-widget_type=\"spacer.default\">\n\t\t\t\t<div class=\"elementor-widget-container\">\n\t\t\t\t\t<div class=\"elementor-spacer\">\n\t\t\t<div class=\"elementor-spacer-inner\"><\/div>\n\t\t<\/div>\n\t\t\t\t<\/div>\n\t\t\t\t<\/div>\n\t\t\t\t\t\t<\/div>\n\t\t\t\t\t<\/div>\n\t\t<\/div>\n\t\t\t\t\t\t\t\t<\/div>\n\t\t\t\t\t<\/div>\n\t\t<\/section>\n\t\t\t\t<section class=\"elementor-section elementor-top-section elementor-element elementor-element-cfb7cb0 elementor-section-boxed elementor-section-height-default elementor-section-height-default\" data-id=\"cfb7cb0\" data-element_type=\"section\" data-settings=\"{&quot;background_background&quot;:&quot;gradient&quot;}\">\n\t\t\t\t\t\t<div class=\"elementor-container elementor-column-gap-default\">\n\t\t\t\t\t\t\t<div class=\"elementor-row\">\n\t\t\t\t\t<div class=\"elementor-column elementor-col-100 elementor-top-column elementor-element elementor-element-ac728d5\" data-id=\"ac728d5\" data-element_type=\"column\">\n\t\t\t<div class=\"elementor-column-wrap elementor-element-populated\">\n\t\t\t\t\t\t\t<div class=\"elementor-widget-wrap\">\n\t\t\t\t\t\t<div class=\"elementor-element elementor-element-55f7797 elementor-widget elementor-widget-spacer\" data-id=\"55f7797\" data-element_type=\"widget\" data-widget_type=\"spacer.default\">\n\t\t\t\t<div class=\"elementor-widget-container\">\n\t\t\t\t\t<div class=\"elementor-spacer\">\n\t\t\t<div class=\"elementor-spacer-inner\"><\/div>\n\t\t<\/div>\n\t\t\t\t<\/div>\n\t\t\t\t<\/div>\n\t\t\t\t<div class=\"elementor-element elementor-element-2348e02 elementor-view-default elementor-widget elementor-widget-icon\" data-id=\"2348e02\" data-element_type=\"widget\" data-widget_type=\"icon.default\">\n\t\t\t\t<div class=\"elementor-widget-container\">\n\t\t\t\t\t<div class=\"elementor-icon-wrapper\">\n\t\t\t<div class=\"elementor-icon\">\n\t\t\t<i aria-hidden=\"true\" class=\"far fa-building\"><\/i>\t\t\t<\/div>\n\t\t<\/div>\n\t\t\t\t<\/div>\n\t\t\t\t<\/div>\n\t\t\t\t<div class=\"elementor-element elementor-element-1232c54 elementor-widget elementor-widget-heading\" data-id=\"1232c54\" data-element_type=\"widget\" data-widget_type=\"heading.default\">\n\t\t\t\t<div class=\"elementor-widget-container\">\n\t\t\t<div class=\"elementor-heading-title elementor-size-default\">\u00a1Ac\u00e9rcate a nuestra oficina central,<br> Escr\u00edbenos o ll\u00e1manos y trabajemos juntos en tu proyecto!<\/div>\t\t<\/div>\n\t\t\t\t<\/div>\n\t\t\t\t<div class=\"elementor-element elementor-element-4eab328 elementor-widget elementor-widget-spacer\" data-id=\"4eab328\" data-element_type=\"widget\" data-widget_type=\"spacer.default\">\n\t\t\t\t<div class=\"elementor-widget-container\">\n\t\t\t\t\t<div class=\"elementor-spacer\">\n\t\t\t<div class=\"elementor-spacer-inner\"><\/div>\n\t\t<\/div>\n\t\t\t\t<\/div>\n\t\t\t\t<\/div>\n\t\t\t\t<div class=\"elementor-element elementor-element-d211344 elementor-align-center elementor-widget elementor-widget-button\" data-id=\"d211344\" data-element_type=\"widget\" data-widget_type=\"button.default\">\n\t\t\t\t<div class=\"elementor-widget-container\">\n\t\t\t\t\t<div class=\"elementor-button-wrapper\">\n\t\t\t<a href=\"https:\/\/fundar.cl\/santiago\/contacto\/\" class=\"elementor-button-link elementor-button elementor-size-md\" role=\"button\">\n\t\t\t\t\t\t<span class=\"elementor-button-content-wrapper\">\n\t\t\t\t\t\t<span class=\"elementor-button-icon elementor-align-icon-left\">\n\t\t\t\t<i aria-hidden=\"true\" class=\"far fa-comment\"><\/i>\t\t\t<\/span>\n\t\t\t\t\t\t<span class=\"elementor-button-text\">Cont\u00e1ctanos<\/span>\n\t\t<\/span>\n\t\t\t\t\t<\/a>\n\t\t<\/div>\n\t\t\t\t<\/div>\n\t\t\t\t<\/div>\n\t\t\t\t<div class=\"elementor-element elementor-element-0cf5235 elementor-widget elementor-widget-spacer\" data-id=\"0cf5235\" data-element_type=\"widget\" data-widget_type=\"spacer.default\">\n\t\t\t\t<div class=\"elementor-widget-container\">\n\t\t\t\t\t<div class=\"elementor-spacer\">\n\t\t\t<div class=\"elementor-spacer-inner\"><\/div>\n\t\t<\/div>\n\t\t\t\t<\/div>\n\t\t\t\t<\/div>\n\t\t\t\t\t\t<\/div>\n\t\t\t\t\t<\/div>\n\t\t<\/div>\n\t\t\t\t\t\t\t\t<\/div>\n\t\t\t\t\t<\/div>\n\t\t<\/section>\n\t\t\t\t\t\t<\/div>\n\t\t\t\t\t\t<\/div>\n\t\t\t\t\t<\/div>\n\t\t","protected":false},"excerpt":{"rendered":"<p>QUIENES SOMOS Somos una instituci\u00f3n compuesta por un equipo de profesionales del \u00e1rea de la Arquitectura y la construcci\u00f3n. En nuestros 22 a\u00f1os de trayectoria hemos asesorado a miles de personas con problemas t\u00e9cnicos y\/o legales, adem\u00e1s de haber concretado diversos proyectos de arquitectura aprobados en toda el \u00e1rea de la regi\u00f3n metropolitana. Nuestra misi\u00f3n [&hellip;]<\/p>\n","protected":false},"author":2,"featured_media":0,"parent":0,"menu_order":0,"comment_status":"closed","ping_status":"closed","template":"elementor_header_footer","meta":[],"yoast_head":"<!-- This site is optimized with the Yoast SEO plugin v15.8 - https:\/\/yoast.com\/wordpress\/plugins\/seo\/ -->\n<title>Somos - Fundar<\/title>\n<meta name=\"robots\" content=\"index, follow, max-snippet:-1, max-image-preview:large, max-video-preview:-1\" \/>\n<link rel=\"canonical\" href=\"https:\/\/fundar.cl\/santiago\/somos\/\" \/>\n<meta property=\"og:locale\" content=\"es_ES\" \/>\n<meta property=\"og:type\" content=\"article\" \/>\n<meta property=\"og:title\" content=\"Somos - Fundar\" \/>\n<meta property=\"og:description\" content=\"QUIENES SOMOS Somos una instituci\u00f3n compuesta por un equipo de profesionales del \u00e1rea de la Arquitectura y la construcci\u00f3n. En nuestros 22 a\u00f1os de trayectoria hemos asesorado a miles de personas con problemas t\u00e9cnicos y\/o legales, adem\u00e1s de haber concretado diversos proyectos de arquitectura aprobados en toda el \u00e1rea de la regi\u00f3n metropolitana. Nuestra misi\u00f3n [&hellip;]\" \/>\n<meta property=\"og:url\" content=\"https:\/\/fundar.cl\/santiago\/somos\/\" \/>\n<meta property=\"og:site_name\" content=\"Fundar\" \/>\n<meta property=\"article:modified_time\" content=\"2021-02-02T17:18:19+00:00\" \/>\n<meta property=\"og:image\" content=\"https:\/\/fundar.cl\/santiago\/wp-content\/uploads\/2019\/08\/logo-fundar.png\" \/>\n<meta name=\"twitter:card\" content=\"summary_large_image\" \/>\n<meta name=\"twitter:label1\" content=\"Est. reading time\">\n\t<meta name=\"twitter:data1\" content=\"1 minuto\">\n<script type=\"application\/ld+json\" class=\"yoast-schema-graph\">{\"@context\":\"https:\/\/schema.org\",\"@graph\":[{\"@type\":\"WebSite\",\"@id\":\"https:\/\/fundar.cl\/santiago\/#website\",\"url\":\"https:\/\/fundar.cl\/santiago\/\",\"name\":\"Fundar\",\"description\":\"Arquitectura Integral\",\"potentialAction\":[{\"@type\":\"SearchAction\",\"target\":\"https:\/\/fundar.cl\/santiago\/?s={search_term_string}\",\"query-input\":\"required name=search_term_string\"}],\"inLanguage\":\"es-CL\"},{\"@type\":\"ImageObject\",\"@id\":\"https:\/\/fundar.cl\/santiago\/somos\/#primaryimage\",\"inLanguage\":\"es-CL\",\"url\":\"https:\/\/fundar.cl\/santiago\/wp-content\/uploads\/2019\/08\/logo-fundar.png\",\"width\":544,\"height\":544},{\"@type\":\"WebPage\",\"@id\":\"https:\/\/fundar.cl\/santiago\/somos\/#webpage\",\"url\":\"https:\/\/fundar.cl\/santiago\/somos\/\",\"name\":\"Somos - Fundar\",\"isPartOf\":{\"@id\":\"https:\/\/fundar.cl\/santiago\/#website\"},\"primaryImageOfPage\":{\"@id\":\"https:\/\/fundar.cl\/santiago\/somos\/#primaryimage\"},\"datePublished\":\"2019-08-26T03:04:52+00:00\",\"dateModified\":\"2021-02-02T17:18:19+00:00\",\"breadcrumb\":{\"@id\":\"https:\/\/fundar.cl\/santiago\/somos\/#breadcrumb\"},\"inLanguage\":\"es-CL\",\"potentialAction\":[{\"@type\":\"ReadAction\",\"target\":[\"https:\/\/fundar.cl\/santiago\/somos\/\"]}]},{\"@type\":\"BreadcrumbList\",\"@id\":\"https:\/\/fundar.cl\/santiago\/somos\/#breadcrumb\",\"itemListElement\":[{\"@type\":\"ListItem\",\"position\":1,\"item\":{\"@type\":\"WebPage\",\"@id\":\"https:\/\/fundar.cl\/santiago\/\",\"url\":\"https:\/\/fundar.cl\/santiago\/\",\"name\":\"Portada\"}},{\"@type\":\"ListItem\",\"position\":2,\"item\":{\"@type\":\"WebPage\",\"@id\":\"https:\/\/fundar.cl\/santiago\/somos\/\",\"url\":\"https:\/\/fundar.cl\/santiago\/somos\/\",\"name\":\"Somos\"}}]}]}<\/script>\n<!-- \/ Yoast SEO plugin. -->","_links":{"self":[{"href":"https:\/\/fundar.cl\/santiago\/wp-json\/wp\/v2\/pages\/51"}],"collection":[{"href":"https:\/\/fundar.cl\/santiago\/wp-json\/wp\/v2\/pages"}],"about":[{"href":"https:\/\/fundar.cl\/santiago\/wp-json\/wp\/v2\/types\/page"}],"author":[{"embeddable":true,"href":"https:\/\/fundar.cl\/santiago\/wp-json\/wp\/v2\/users\/2"}],"replies":[{"embeddable":true,"href":"https:\/\/fundar.cl\/santiago\/wp-json\/wp\/v2\/comments?post=51"}],"version-history":[{"count":32,"href":"https:\/\/fundar.cl\/santiago\/wp-json\/wp\/v2\/pages\/51\/revisions"}],"predecessor-version":[{"id":391,"href":"https:\/\/fundar.cl\/santiago\/wp-json\/wp\/v2\/pages\/51\/revisions\/391"}],"wp:attachment":[{"href":"https:\/\/fundar.cl\/santiago\/wp-json\/wp\/v2\/media?parent=51"}],"curies":[{"name":"wp","href":"https:\/\/api.w.org\/{rel}","templated":true}]}}