{"id":125,"date":"2019-09-03T14:07:56","date_gmt":"2019-09-03T18:07:56","guid":{"rendered":"https:\/\/fundar.cl\/santiago\/?page_id=125"},"modified":"2019-10-09T12:33:13","modified_gmt":"2019-10-09T16:33:13","slug":"proyectos-sanitarios-y-electricos","status":"publish","type":"page","link":"https:\/\/fundar.cl\/santiago\/servicios\/proyectos-sanitarios-y-electricos\/","title":{"rendered":"Proyectos Sanitarios y El\u00e9ctricos"},"content":{"rendered":"\t\t<div data-elementor-type=\"wp-post\" data-elementor-id=\"125\" class=\"elementor elementor-125\" data-elementor-settings=\"[]\">\n\t\t\t\t\t\t<div class=\"elementor-inner\">\n\t\t\t\t\t\t\t<div class=\"elementor-section-wrap\">\n\t\t\t\t\t\t\t<section class=\"elementor-section elementor-top-section elementor-element elementor-element-2b571ec elementor-section-height-min-height elementor-section-boxed elementor-section-height-default elementor-section-items-middle\" data-id=\"2b571ec\" data-element_type=\"section\" data-settings=\"{&quot;background_background&quot;:&quot;classic&quot;}\">\n\t\t\t\t\t\t\t<div class=\"elementor-background-overlay\"><\/div>\n\t\t\t\t\t\t\t<div class=\"elementor-container elementor-column-gap-default\">\n\t\t\t\t\t\t\t<div class=\"elementor-row\">\n\t\t\t\t\t<div class=\"elementor-column elementor-col-100 elementor-top-column elementor-element elementor-element-7a4e6e0\" data-id=\"7a4e6e0\" data-element_type=\"column\">\n\t\t\t<div class=\"elementor-column-wrap elementor-element-populated\">\n\t\t\t\t\t\t\t<div class=\"elementor-widget-wrap\">\n\t\t\t\t\t\t<section class=\"elementor-section elementor-inner-section elementor-element elementor-element-98c5719 elementor-section-boxed elementor-section-height-default elementor-section-height-default\" data-id=\"98c5719\" data-element_type=\"section\">\n\t\t\t\t\t\t<div class=\"elementor-container elementor-column-gap-default\">\n\t\t\t\t\t\t\t<div class=\"elementor-row\">\n\t\t\t\t\t<div class=\"elementor-column elementor-col-100 elementor-inner-column elementor-element elementor-element-22b6538\" data-id=\"22b6538\" data-element_type=\"column\">\n\t\t\t<div class=\"elementor-column-wrap elementor-element-populated\">\n\t\t\t\t\t\t\t<div class=\"elementor-widget-wrap\">\n\t\t\t\t\t\t<div class=\"elementor-element elementor-element-0f33c27 elementor-widget-divider--view-line elementor-widget elementor-widget-divider\" data-id=\"0f33c27\" data-element_type=\"widget\" data-widget_type=\"divider.default\">\n\t\t\t\t<div class=\"elementor-widget-container\">\n\t\t\t\t\t<div class=\"elementor-divider\">\n\t\t\t<span class=\"elementor-divider-separator\">\n\t\t\t\t\t\t<\/span>\n\t\t<\/div>\n\t\t\t\t<\/div>\n\t\t\t\t<\/div>\n\t\t\t\t<div class=\"elementor-element elementor-element-874f533 elementor-mobile-align-center elementor-widget elementor-widget-button\" data-id=\"874f533\" data-element_type=\"widget\" data-widget_type=\"button.default\">\n\t\t\t\t<div class=\"elementor-widget-container\">\n\t\t\t\t\t<div class=\"elementor-button-wrapper\">\n\t\t\t<a href=\"https:\/\/fundar.cl\/santiago\/servicios\/\" class=\"elementor-button-link elementor-button elementor-size-md\" role=\"button\">\n\t\t\t\t\t\t<span class=\"elementor-button-content-wrapper\">\n\t\t\t\t\t\t<span class=\"elementor-button-icon elementor-align-icon-left\">\n\t\t\t\t<i aria-hidden=\"true\" class=\"far fa-arrow-alt-circle-left\"><\/i>\t\t\t<\/span>\n\t\t\t\t\t\t<span class=\"elementor-button-text\">Volver a Servicios<\/span>\n\t\t<\/span>\n\t\t\t\t\t<\/a>\n\t\t<\/div>\n\t\t\t\t<\/div>\n\t\t\t\t<\/div>\n\t\t\t\t\t\t<\/div>\n\t\t\t\t\t<\/div>\n\t\t<\/div>\n\t\t\t\t\t\t\t\t<\/div>\n\t\t\t\t\t<\/div>\n\t\t<\/section>\n\t\t\t\t\t\t<\/div>\n\t\t\t\t\t<\/div>\n\t\t<\/div>\n\t\t\t\t\t\t\t\t<\/div>\n\t\t\t\t\t<\/div>\n\t\t<\/section>\n\t\t\t\t<section class=\"elementor-section elementor-top-section elementor-element elementor-element-6fad3f6 elementor-section-boxed elementor-section-height-default elementor-section-height-default\" data-id=\"6fad3f6\" data-element_type=\"section\">\n\t\t\t\t\t\t<div class=\"elementor-container elementor-column-gap-default\">\n\t\t\t\t\t\t\t<div class=\"elementor-row\">\n\t\t\t\t\t<div class=\"elementor-column elementor-col-100 elementor-top-column elementor-element elementor-element-02a6e4b\" data-id=\"02a6e4b\" data-element_type=\"column\">\n\t\t\t<div class=\"elementor-column-wrap elementor-element-populated\">\n\t\t\t\t\t\t\t<div class=\"elementor-widget-wrap\">\n\t\t\t\t\t\t<div class=\"elementor-element elementor-element-3b721ea elementor-widget elementor-widget-spacer\" data-id=\"3b721ea\" data-element_type=\"widget\" data-widget_type=\"spacer.default\">\n\t\t\t\t<div class=\"elementor-widget-container\">\n\t\t\t\t\t<div class=\"elementor-spacer\">\n\t\t\t<div class=\"elementor-spacer-inner\"><\/div>\n\t\t<\/div>\n\t\t\t\t<\/div>\n\t\t\t\t<\/div>\n\t\t\t\t<div class=\"elementor-element elementor-element-04cdca7 elementor-widget elementor-widget-text-editor\" data-id=\"04cdca7\" data-element_type=\"widget\" data-widget_type=\"text-editor.default\">\n\t\t\t\t<div class=\"elementor-widget-container\">\n\t\t\t\t\t<div class=\"elementor-text-editor elementor-clearfix\"><strong>\u00bfPara qu\u00e9 sirve un proyecto sanitario?<\/strong>\n<br><br>\nLos proyectos sanitarios se ejecutan para obtener un Certificado de Dotaci\u00f3n Sanitaria otorgado por la empresa que provee Agua Potable y el sistema de Alcantarillado. El mecanismo para obtener este certificado es a trav\u00e9s de un plano indicando las redes de aguas ya existentes o por ejecutar en una obra. Aguas Andinas, Smapa u otra entidad, fiscaliza que los proyectos e instalaciones sanitarias interiores est\u00e9n realizados bajo las normas que dicta la Superintendencia de Servicios Sanitarios, as\u00ed mismo deber\u00e1n ser inspeccionados y aprobados por dichas empresas.\n<br><br>\nEl certificado de instalaciones de agua potable y alcantarillado es necesario principalmente para la obtenci\u00f3n del Certificado de Recepci\u00f3n Final emitido por cada Direcci\u00f3n de Obras Municipales.\n<br><br>\n\u00bfPara qu\u00e9 sirve un proyecto el\u00e9ctrico?\n<br><br>\nUn proyecto de instalaci\u00f3n el\u00e9ctrica se debe ejecutar para obtener un Certificado denominado \u201cTE-1\u201d, otorgado por la Superintendencia de Electricidad y Combustibles (SEC). Este certificado se obtiene a trav\u00e9s del ingreso de un plano al SEC indicando las instalaciones el\u00e9ctricas  ya existentes o por ejecutar en una obra los cuales son responsables de inspeccionar y verificar para la aprobaci\u00f3n de este mismo. Al igual que en un proyecto sanitario, este certificado es necesario para la obtenci\u00f3n del Certificado de Recepci\u00f3n Final emitido por cada Direcci\u00f3n de Obras Municipales.<\/div>\n\t\t\t\t<\/div>\n\t\t\t\t<\/div>\n\t\t\t\t<div class=\"elementor-element elementor-element-a4966f3 elementor-widget elementor-widget-spacer\" data-id=\"a4966f3\" data-element_type=\"widget\" data-widget_type=\"spacer.default\">\n\t\t\t\t<div class=\"elementor-widget-container\">\n\t\t\t\t\t<div class=\"elementor-spacer\">\n\t\t\t<div class=\"elementor-spacer-inner\"><\/div>\n\t\t<\/div>\n\t\t\t\t<\/div>\n\t\t\t\t<\/div>\n\t\t\t\t\t\t<\/div>\n\t\t\t\t\t<\/div>\n\t\t<\/div>\n\t\t\t\t\t\t\t\t<\/div>\n\t\t\t\t\t<\/div>\n\t\t<\/section>\n\t\t\t\t<section class=\"elementor-section elementor-top-section elementor-element elementor-element-d317959 elementor-section-boxed elementor-section-height-default elementor-section-height-default\" data-id=\"d317959\" data-element_type=\"section\" data-settings=\"{&quot;background_background&quot;:&quot;gradient&quot;}\">\n\t\t\t\t\t\t<div class=\"elementor-container elementor-column-gap-default\">\n\t\t\t\t\t\t\t<div class=\"elementor-row\">\n\t\t\t\t\t<div class=\"elementor-column elementor-col-100 elementor-top-column elementor-element elementor-element-714bd67\" data-id=\"714bd67\" data-element_type=\"column\">\n\t\t\t<div class=\"elementor-column-wrap elementor-element-populated\">\n\t\t\t\t\t\t\t<div class=\"elementor-widget-wrap\">\n\t\t\t\t\t\t<div class=\"elementor-element elementor-element-78e27ea elementor-widget elementor-widget-spacer\" data-id=\"78e27ea\" data-element_type=\"widget\" data-widget_type=\"spacer.default\">\n\t\t\t\t<div class=\"elementor-widget-container\">\n\t\t\t\t\t<div class=\"elementor-spacer\">\n\t\t\t<div class=\"elementor-spacer-inner\"><\/div>\n\t\t<\/div>\n\t\t\t\t<\/div>\n\t\t\t\t<\/div>\n\t\t\t\t<div class=\"elementor-element elementor-element-8bace50 elementor-view-default elementor-widget elementor-widget-icon\" data-id=\"8bace50\" data-element_type=\"widget\" data-widget_type=\"icon.default\">\n\t\t\t\t<div class=\"elementor-widget-container\">\n\t\t\t\t\t<div class=\"elementor-icon-wrapper\">\n\t\t\t<div class=\"elementor-icon\">\n\t\t\t<i aria-hidden=\"true\" class=\"fas fa-arrow-circle-down\"><\/i>\t\t\t<\/div>\n\t\t<\/div>\n\t\t\t\t<\/div>\n\t\t\t\t<\/div>\n\t\t\t\t<div class=\"elementor-element elementor-element-1ac6b3d elementor-widget elementor-widget-heading\" data-id=\"1ac6b3d\" data-element_type=\"widget\" data-widget_type=\"heading.default\">\n\t\t\t\t<div class=\"elementor-widget-container\">\n\t\t\t<div class=\"elementor-heading-title elementor-size-default\">Para mayor informaci\u00f3n,<br> comun\u00edquese con nosotros y lo asesoraremos a la brevedad.<\/div>\t\t<\/div>\n\t\t\t\t<\/div>\n\t\t\t\t<div class=\"elementor-element elementor-element-7c59c9d elementor-widget elementor-widget-spacer\" data-id=\"7c59c9d\" data-element_type=\"widget\" data-widget_type=\"spacer.default\">\n\t\t\t\t<div class=\"elementor-widget-container\">\n\t\t\t\t\t<div class=\"elementor-spacer\">\n\t\t\t<div class=\"elementor-spacer-inner\"><\/div>\n\t\t<\/div>\n\t\t\t\t<\/div>\n\t\t\t\t<\/div>\n\t\t\t\t<div class=\"elementor-element elementor-element-4cf5a05 elementor-align-center elementor-widget elementor-widget-button\" data-id=\"4cf5a05\" data-element_type=\"widget\" data-widget_type=\"button.default\">\n\t\t\t\t<div class=\"elementor-widget-container\">\n\t\t\t\t\t<div class=\"elementor-button-wrapper\">\n\t\t\t<a href=\"https:\/\/fundar.cl\/santiago\/contacto\/\" class=\"elementor-button-link elementor-button elementor-size-md\" role=\"button\">\n\t\t\t\t\t\t<span class=\"elementor-button-content-wrapper\">\n\t\t\t\t\t\t<span class=\"elementor-button-icon elementor-align-icon-left\">\n\t\t\t\t<i aria-hidden=\"true\" class=\"far fa-comment\"><\/i>\t\t\t<\/span>\n\t\t\t\t\t\t<span class=\"elementor-button-text\">Cont\u00e1ctanos<\/span>\n\t\t<\/span>\n\t\t\t\t\t<\/a>\n\t\t<\/div>\n\t\t\t\t<\/div>\n\t\t\t\t<\/div>\n\t\t\t\t<div class=\"elementor-element elementor-element-ff2d499 elementor-widget elementor-widget-spacer\" data-id=\"ff2d499\" data-element_type=\"widget\" data-widget_type=\"spacer.default\">\n\t\t\t\t<div class=\"elementor-widget-container\">\n\t\t\t\t\t<div class=\"elementor-spacer\">\n\t\t\t<div class=\"elementor-spacer-inner\"><\/div>\n\t\t<\/div>\n\t\t\t\t<\/div>\n\t\t\t\t<\/div>\n\t\t\t\t\t\t<\/div>\n\t\t\t\t\t<\/div>\n\t\t<\/div>\n\t\t\t\t\t\t\t\t<\/div>\n\t\t\t\t\t<\/div>\n\t\t<\/section>\n\t\t\t\t\t\t<\/div>\n\t\t\t\t\t\t<\/div>\n\t\t\t\t\t<\/div>\n\t\t","protected":false},"excerpt":{"rendered":"<p>Volver a Servicios \u00bfPara qu\u00e9 sirve un proyecto sanitario? Los proyectos sanitarios se ejecutan para obtener un Certificado de Dotaci\u00f3n Sanitaria otorgado por la empresa que provee Agua Potable y el sistema de Alcantarillado. El mecanismo para obtener este certificado es a trav\u00e9s de un plano indicando las redes de aguas ya existentes o por [&hellip;]<\/p>\n","protected":false},"author":4,"featured_media":0,"parent":7,"menu_order":0,"comment_status":"closed","ping_status":"closed","template":"elementor_header_footer","meta":[],"yoast_head":"<!-- This site is optimized with the Yoast SEO plugin v15.8 - https:\/\/yoast.com\/wordpress\/plugins\/seo\/ -->\n<title>Proyectos Sanitarios y El\u00e9ctricos - Fundar<\/title>\n<meta name=\"robots\" content=\"index, follow, max-snippet:-1, max-image-preview:large, max-video-preview:-1\" \/>\n<link rel=\"canonical\" href=\"https:\/\/fundar.cl\/santiago\/servicios\/proyectos-sanitarios-y-electricos\/\" \/>\n<meta property=\"og:locale\" content=\"es_ES\" \/>\n<meta property=\"og:type\" content=\"article\" \/>\n<meta property=\"og:title\" content=\"Proyectos Sanitarios y El\u00e9ctricos - Fundar\" \/>\n<meta property=\"og:description\" content=\"Volver a Servicios \u00bfPara qu\u00e9 sirve un proyecto sanitario? Los proyectos sanitarios se ejecutan para obtener un Certificado de Dotaci\u00f3n Sanitaria otorgado por la empresa que provee Agua Potable y el sistema de Alcantarillado. El mecanismo para obtener este certificado es a trav\u00e9s de un plano indicando las redes de aguas ya existentes o por [&hellip;]\" \/>\n<meta property=\"og:url\" content=\"https:\/\/fundar.cl\/santiago\/servicios\/proyectos-sanitarios-y-electricos\/\" \/>\n<meta property=\"og:site_name\" content=\"Fundar\" \/>\n<meta property=\"article:modified_time\" content=\"2019-10-09T16:33:13+00:00\" \/>\n<meta name=\"twitter:card\" content=\"summary_large_image\" \/>\n<meta name=\"twitter:label1\" content=\"Est. reading time\">\n\t<meta name=\"twitter:data1\" content=\"1 minuto\">\n<script type=\"application\/ld+json\" class=\"yoast-schema-graph\">{\"@context\":\"https:\/\/schema.org\",\"@graph\":[{\"@type\":\"WebSite\",\"@id\":\"https:\/\/fundar.cl\/santiago\/#website\",\"url\":\"https:\/\/fundar.cl\/santiago\/\",\"name\":\"Fundar\",\"description\":\"Arquitectura Integral\",\"potentialAction\":[{\"@type\":\"SearchAction\",\"target\":\"https:\/\/fundar.cl\/santiago\/?s={search_term_string}\",\"query-input\":\"required name=search_term_string\"}],\"inLanguage\":\"es-CL\"},{\"@type\":\"WebPage\",\"@id\":\"https:\/\/fundar.cl\/santiago\/servicios\/proyectos-sanitarios-y-electricos\/#webpage\",\"url\":\"https:\/\/fundar.cl\/santiago\/servicios\/proyectos-sanitarios-y-electricos\/\",\"name\":\"Proyectos Sanitarios y El\\u00e9ctricos - Fundar\",\"isPartOf\":{\"@id\":\"https:\/\/fundar.cl\/santiago\/#website\"},\"datePublished\":\"2019-09-03T18:07:56+00:00\",\"dateModified\":\"2019-10-09T16:33:13+00:00\",\"breadcrumb\":{\"@id\":\"https:\/\/fundar.cl\/santiago\/servicios\/proyectos-sanitarios-y-electricos\/#breadcrumb\"},\"inLanguage\":\"es-CL\",\"potentialAction\":[{\"@type\":\"ReadAction\",\"target\":[\"https:\/\/fundar.cl\/santiago\/servicios\/proyectos-sanitarios-y-electricos\/\"]}]},{\"@type\":\"BreadcrumbList\",\"@id\":\"https:\/\/fundar.cl\/santiago\/servicios\/proyectos-sanitarios-y-electricos\/#breadcrumb\",\"itemListElement\":[{\"@type\":\"ListItem\",\"position\":1,\"item\":{\"@type\":\"WebPage\",\"@id\":\"https:\/\/fundar.cl\/santiago\/\",\"url\":\"https:\/\/fundar.cl\/santiago\/\",\"name\":\"Portada\"}},{\"@type\":\"ListItem\",\"position\":2,\"item\":{\"@type\":\"WebPage\",\"@id\":\"https:\/\/fundar.cl\/santiago\/servicios\/\",\"url\":\"https:\/\/fundar.cl\/santiago\/servicios\/\",\"name\":\"Servicios\"}},{\"@type\":\"ListItem\",\"position\":3,\"item\":{\"@type\":\"WebPage\",\"@id\":\"https:\/\/fundar.cl\/santiago\/servicios\/proyectos-sanitarios-y-electricos\/\",\"url\":\"https:\/\/fundar.cl\/santiago\/servicios\/proyectos-sanitarios-y-electricos\/\",\"name\":\"Proyectos Sanitarios y El\\u00e9ctricos\"}}]}]}<\/script>\n<!-- \/ Yoast SEO plugin. -->","_links":{"self":[{"href":"https:\/\/fundar.cl\/santiago\/wp-json\/wp\/v2\/pages\/125"}],"collection":[{"href":"https:\/\/fundar.cl\/santiago\/wp-json\/wp\/v2\/pages"}],"about":[{"href":"https:\/\/fundar.cl\/santiago\/wp-json\/wp\/v2\/types\/page"}],"author":[{"embeddable":true,"href":"https:\/\/fundar.cl\/santiago\/wp-json\/wp\/v2\/users\/4"}],"replies":[{"embeddable":true,"href":"https:\/\/fundar.cl\/santiago\/wp-json\/wp\/v2\/comments?post=125"}],"version-history":[{"count":6,"href":"https:\/\/fundar.cl\/santiago\/wp-json\/wp\/v2\/pages\/125\/revisions"}],"predecessor-version":[{"id":315,"href":"https:\/\/fundar.cl\/santiago\/wp-json\/wp\/v2\/pages\/125\/revisions\/315"}],"up":[{"embeddable":true,"href":"https:\/\/fundar.cl\/santiago\/wp-json\/wp\/v2\/pages\/7"}],"wp:attachment":[{"href":"https:\/\/fundar.cl\/santiago\/wp-json\/wp\/v2\/media?parent=125"}],"curies":[{"name":"wp","href":"https:\/\/api.w.org\/{rel}","templated":true}]}}