{"id":124,"date":"2019-09-03T14:07:29","date_gmt":"2019-09-03T18:07:29","guid":{"rendered":"https:\/\/fundar.cl\/santiago\/?page_id=124"},"modified":"2019-10-09T12:33:06","modified_gmt":"2019-10-09T16:33:06","slug":"subdivisiones-fusiones-copropiedad","status":"publish","type":"page","link":"https:\/\/fundar.cl\/santiago\/servicios\/subdivisiones-fusiones-copropiedad\/","title":{"rendered":"Subdivisiones Fusiones Copropiedad"},"content":{"rendered":"\t\t<div data-elementor-type=\"wp-post\" data-elementor-id=\"124\" class=\"elementor elementor-124\" data-elementor-settings=\"[]\">\n\t\t\t\t\t\t<div class=\"elementor-inner\">\n\t\t\t\t\t\t\t<div class=\"elementor-section-wrap\">\n\t\t\t\t\t\t\t<section class=\"elementor-section elementor-top-section elementor-element elementor-element-387b892 elementor-section-height-min-height elementor-section-boxed elementor-section-height-default elementor-section-items-middle\" data-id=\"387b892\" data-element_type=\"section\" data-settings=\"{&quot;background_background&quot;:&quot;classic&quot;}\">\n\t\t\t\t\t\t\t<div class=\"elementor-background-overlay\"><\/div>\n\t\t\t\t\t\t\t<div class=\"elementor-container elementor-column-gap-default\">\n\t\t\t\t\t\t\t<div class=\"elementor-row\">\n\t\t\t\t\t<div class=\"elementor-column elementor-col-100 elementor-top-column elementor-element elementor-element-a238ea8\" data-id=\"a238ea8\" data-element_type=\"column\">\n\t\t\t<div class=\"elementor-column-wrap elementor-element-populated\">\n\t\t\t\t\t\t\t<div class=\"elementor-widget-wrap\">\n\t\t\t\t\t\t<section class=\"elementor-section elementor-inner-section elementor-element elementor-element-02c7313 elementor-section-boxed elementor-section-height-default elementor-section-height-default\" data-id=\"02c7313\" data-element_type=\"section\">\n\t\t\t\t\t\t<div class=\"elementor-container elementor-column-gap-default\">\n\t\t\t\t\t\t\t<div class=\"elementor-row\">\n\t\t\t\t\t<div class=\"elementor-column elementor-col-100 elementor-inner-column elementor-element elementor-element-d4096ce\" data-id=\"d4096ce\" data-element_type=\"column\">\n\t\t\t<div class=\"elementor-column-wrap elementor-element-populated\">\n\t\t\t\t\t\t\t<div class=\"elementor-widget-wrap\">\n\t\t\t\t\t\t<div class=\"elementor-element elementor-element-07a7591 elementor-widget-divider--view-line elementor-widget elementor-widget-divider\" data-id=\"07a7591\" data-element_type=\"widget\" data-widget_type=\"divider.default\">\n\t\t\t\t<div class=\"elementor-widget-container\">\n\t\t\t\t\t<div class=\"elementor-divider\">\n\t\t\t<span class=\"elementor-divider-separator\">\n\t\t\t\t\t\t<\/span>\n\t\t<\/div>\n\t\t\t\t<\/div>\n\t\t\t\t<\/div>\n\t\t\t\t<div class=\"elementor-element elementor-element-6fa12c6 elementor-mobile-align-center elementor-widget elementor-widget-button\" data-id=\"6fa12c6\" data-element_type=\"widget\" data-widget_type=\"button.default\">\n\t\t\t\t<div class=\"elementor-widget-container\">\n\t\t\t\t\t<div class=\"elementor-button-wrapper\">\n\t\t\t<a href=\"https:\/\/fundar.cl\/santiago\/servicios\/\" class=\"elementor-button-link elementor-button elementor-size-md\" role=\"button\">\n\t\t\t\t\t\t<span class=\"elementor-button-content-wrapper\">\n\t\t\t\t\t\t<span class=\"elementor-button-icon elementor-align-icon-left\">\n\t\t\t\t<i aria-hidden=\"true\" class=\"far fa-arrow-alt-circle-left\"><\/i>\t\t\t<\/span>\n\t\t\t\t\t\t<span class=\"elementor-button-text\">Volver a Servicios<\/span>\n\t\t<\/span>\n\t\t\t\t\t<\/a>\n\t\t<\/div>\n\t\t\t\t<\/div>\n\t\t\t\t<\/div>\n\t\t\t\t\t\t<\/div>\n\t\t\t\t\t<\/div>\n\t\t<\/div>\n\t\t\t\t\t\t\t\t<\/div>\n\t\t\t\t\t<\/div>\n\t\t<\/section>\n\t\t\t\t\t\t<\/div>\n\t\t\t\t\t<\/div>\n\t\t<\/div>\n\t\t\t\t\t\t\t\t<\/div>\n\t\t\t\t\t<\/div>\n\t\t<\/section>\n\t\t\t\t<section class=\"elementor-section elementor-top-section elementor-element elementor-element-211ad1b elementor-section-boxed elementor-section-height-default elementor-section-height-default\" data-id=\"211ad1b\" data-element_type=\"section\">\n\t\t\t\t\t\t<div class=\"elementor-container elementor-column-gap-default\">\n\t\t\t\t\t\t\t<div class=\"elementor-row\">\n\t\t\t\t\t<div class=\"elementor-column elementor-col-100 elementor-top-column elementor-element elementor-element-ce9bf30\" data-id=\"ce9bf30\" data-element_type=\"column\">\n\t\t\t<div class=\"elementor-column-wrap elementor-element-populated\">\n\t\t\t\t\t\t\t<div class=\"elementor-widget-wrap\">\n\t\t\t\t\t\t<div class=\"elementor-element elementor-element-ca45724 elementor-widget elementor-widget-spacer\" data-id=\"ca45724\" data-element_type=\"widget\" data-widget_type=\"spacer.default\">\n\t\t\t\t<div class=\"elementor-widget-container\">\n\t\t\t\t\t<div class=\"elementor-spacer\">\n\t\t\t<div class=\"elementor-spacer-inner\"><\/div>\n\t\t<\/div>\n\t\t\t\t<\/div>\n\t\t\t\t<\/div>\n\t\t\t\t<div class=\"elementor-element elementor-element-cf1d999 elementor-widget elementor-widget-text-editor\" data-id=\"cf1d999\" data-element_type=\"widget\" data-widget_type=\"text-editor.default\">\n\t\t\t\t<div class=\"elementor-widget-container\">\n\t\t\t\t\t<div class=\"elementor-text-editor elementor-clearfix\"><strong>\u00bfQu\u00e9 es una Subdivisi\u00f3n?<\/strong>\n<br><br>\nConsiste en la partici\u00f3n de un terreno en 2 o m\u00e1s partes seg\u00fan la necesidad de cada caso. Es importante tener en cuenta que para realizar este tr\u00e1mite, debemos consultar la superficie Predial y frente Predial m\u00ednimo normado en cada Plan Regulador comunal. \n<br><br>\n<strong>Documentos requeridos para la confecci\u00f3n de un expediente:<\/strong>\n<br><br>\n&#8211; Certificado de Informes Previos<br>\n&#8211; Fotocopia de Escritura<br>\n&#8211; Rol Aval\u00fao Fiscal desglosado \n<br><br>\nNota: Estos antecedentes se obtienen a trav\u00e9s de la Direcci\u00f3n de Obras Municipales de cada Comuna a excepci\u00f3n de la fotocopia de escritura obtenida en el Conservador de Bienes Ra\u00edces y el Certificado de Aval\u00fao Fiscal que se debe solicitar en el Servicio de Impuestos Internos. (S.I.I.)\n\n\n \n\n\u00bfQu\u00e9 es una fusi\u00f3n?\n\n \n\nConsiste en la uni\u00f3n de 2 o m\u00e1s terrenos vecinos o colindantes seg\u00fan se presente cada caso. \n\n \n\nDocumentos requeridos para la confecci\u00f3n de un expediente:\n\n \n\n&#8211; Certificado de Informes Previos\n&#8211; Fotocopia de Escritura\n&#8211; Rol Aval\u00fao Fiscal desglosado \n\n\nNota: Estos antecedentes se obtienen a trav\u00e9s de la Direcci\u00f3n de Obras Municipales de cada Comuna a excepci\u00f3n de la fotocopia de escritura obtenida en el Conservador de Bienes Ra\u00edces y el Certificado de Aval\u00fao Fiscal que se debe solicitar en el Servicio de Impuestos Internos. (S.I.I.)<\/div>\n\t\t\t\t<\/div>\n\t\t\t\t<\/div>\n\t\t\t\t<div class=\"elementor-element elementor-element-8efbf71 elementor-widget elementor-widget-spacer\" data-id=\"8efbf71\" data-element_type=\"widget\" data-widget_type=\"spacer.default\">\n\t\t\t\t<div class=\"elementor-widget-container\">\n\t\t\t\t\t<div class=\"elementor-spacer\">\n\t\t\t<div class=\"elementor-spacer-inner\"><\/div>\n\t\t<\/div>\n\t\t\t\t<\/div>\n\t\t\t\t<\/div>\n\t\t\t\t\t\t<\/div>\n\t\t\t\t\t<\/div>\n\t\t<\/div>\n\t\t\t\t\t\t\t\t<\/div>\n\t\t\t\t\t<\/div>\n\t\t<\/section>\n\t\t\t\t<section class=\"elementor-section elementor-top-section elementor-element elementor-element-ea067c3 elementor-section-boxed elementor-section-height-default elementor-section-height-default\" data-id=\"ea067c3\" data-element_type=\"section\" data-settings=\"{&quot;background_background&quot;:&quot;gradient&quot;}\">\n\t\t\t\t\t\t<div class=\"elementor-container elementor-column-gap-default\">\n\t\t\t\t\t\t\t<div class=\"elementor-row\">\n\t\t\t\t\t<div class=\"elementor-column elementor-col-100 elementor-top-column elementor-element elementor-element-515c9d8\" data-id=\"515c9d8\" data-element_type=\"column\">\n\t\t\t<div class=\"elementor-column-wrap elementor-element-populated\">\n\t\t\t\t\t\t\t<div class=\"elementor-widget-wrap\">\n\t\t\t\t\t\t<div class=\"elementor-element elementor-element-cc1bb6e elementor-widget elementor-widget-spacer\" data-id=\"cc1bb6e\" data-element_type=\"widget\" data-widget_type=\"spacer.default\">\n\t\t\t\t<div class=\"elementor-widget-container\">\n\t\t\t\t\t<div class=\"elementor-spacer\">\n\t\t\t<div class=\"elementor-spacer-inner\"><\/div>\n\t\t<\/div>\n\t\t\t\t<\/div>\n\t\t\t\t<\/div>\n\t\t\t\t<div class=\"elementor-element elementor-element-116a2f1 elementor-view-default elementor-widget elementor-widget-icon\" data-id=\"116a2f1\" data-element_type=\"widget\" data-widget_type=\"icon.default\">\n\t\t\t\t<div class=\"elementor-widget-container\">\n\t\t\t\t\t<div class=\"elementor-icon-wrapper\">\n\t\t\t<div class=\"elementor-icon\">\n\t\t\t<i aria-hidden=\"true\" class=\"fas fa-arrow-circle-down\"><\/i>\t\t\t<\/div>\n\t\t<\/div>\n\t\t\t\t<\/div>\n\t\t\t\t<\/div>\n\t\t\t\t<div class=\"elementor-element elementor-element-c3df603 elementor-widget elementor-widget-heading\" data-id=\"c3df603\" data-element_type=\"widget\" data-widget_type=\"heading.default\">\n\t\t\t\t<div class=\"elementor-widget-container\">\n\t\t\t<div class=\"elementor-heading-title elementor-size-default\">Para mayor informaci\u00f3n,<br> comun\u00edquese con nosotros y lo asesoraremos a la brevedad.<\/div>\t\t<\/div>\n\t\t\t\t<\/div>\n\t\t\t\t<div class=\"elementor-element elementor-element-d06b440 elementor-widget elementor-widget-spacer\" data-id=\"d06b440\" data-element_type=\"widget\" data-widget_type=\"spacer.default\">\n\t\t\t\t<div class=\"elementor-widget-container\">\n\t\t\t\t\t<div class=\"elementor-spacer\">\n\t\t\t<div class=\"elementor-spacer-inner\"><\/div>\n\t\t<\/div>\n\t\t\t\t<\/div>\n\t\t\t\t<\/div>\n\t\t\t\t<div class=\"elementor-element elementor-element-fbde85d elementor-align-center elementor-widget elementor-widget-button\" data-id=\"fbde85d\" data-element_type=\"widget\" data-widget_type=\"button.default\">\n\t\t\t\t<div class=\"elementor-widget-container\">\n\t\t\t\t\t<div class=\"elementor-button-wrapper\">\n\t\t\t<a href=\"https:\/\/fundar.cl\/santiago\/contacto\/\" class=\"elementor-button-link elementor-button elementor-size-md\" role=\"button\">\n\t\t\t\t\t\t<span class=\"elementor-button-content-wrapper\">\n\t\t\t\t\t\t<span class=\"elementor-button-icon elementor-align-icon-left\">\n\t\t\t\t<i aria-hidden=\"true\" class=\"far fa-comment\"><\/i>\t\t\t<\/span>\n\t\t\t\t\t\t<span class=\"elementor-button-text\">Cont\u00e1ctanos<\/span>\n\t\t<\/span>\n\t\t\t\t\t<\/a>\n\t\t<\/div>\n\t\t\t\t<\/div>\n\t\t\t\t<\/div>\n\t\t\t\t<div class=\"elementor-element elementor-element-66f4829 elementor-widget elementor-widget-spacer\" data-id=\"66f4829\" data-element_type=\"widget\" data-widget_type=\"spacer.default\">\n\t\t\t\t<div class=\"elementor-widget-container\">\n\t\t\t\t\t<div class=\"elementor-spacer\">\n\t\t\t<div class=\"elementor-spacer-inner\"><\/div>\n\t\t<\/div>\n\t\t\t\t<\/div>\n\t\t\t\t<\/div>\n\t\t\t\t\t\t<\/div>\n\t\t\t\t\t<\/div>\n\t\t<\/div>\n\t\t\t\t\t\t\t\t<\/div>\n\t\t\t\t\t<\/div>\n\t\t<\/section>\n\t\t\t\t\t\t<\/div>\n\t\t\t\t\t\t<\/div>\n\t\t\t\t\t<\/div>\n\t\t","protected":false},"excerpt":{"rendered":"<p>Volver a Servicios \u00bfQu\u00e9 es una Subdivisi\u00f3n? Consiste en la partici\u00f3n de un terreno en 2 o m\u00e1s partes seg\u00fan la necesidad de cada caso. Es importante tener en cuenta que para realizar este tr\u00e1mite, debemos consultar la superficie Predial y frente Predial m\u00ednimo normado en cada Plan Regulador comunal. Documentos requeridos para la confecci\u00f3n [&hellip;]<\/p>\n","protected":false},"author":4,"featured_media":0,"parent":7,"menu_order":0,"comment_status":"closed","ping_status":"closed","template":"elementor_header_footer","meta":[],"yoast_head":"<!-- This site is optimized with the Yoast SEO plugin v15.8 - https:\/\/yoast.com\/wordpress\/plugins\/seo\/ -->\n<title>Subdivisiones Fusiones Copropiedad - Fundar<\/title>\n<meta name=\"robots\" content=\"index, follow, max-snippet:-1, max-image-preview:large, max-video-preview:-1\" \/>\n<link rel=\"canonical\" href=\"https:\/\/fundar.cl\/santiago\/servicios\/subdivisiones-fusiones-copropiedad\/\" \/>\n<meta property=\"og:locale\" content=\"es_ES\" \/>\n<meta property=\"og:type\" content=\"article\" \/>\n<meta property=\"og:title\" content=\"Subdivisiones Fusiones Copropiedad - Fundar\" \/>\n<meta property=\"og:description\" content=\"Volver a Servicios \u00bfQu\u00e9 es una Subdivisi\u00f3n? Consiste en la partici\u00f3n de un terreno en 2 o m\u00e1s partes seg\u00fan la necesidad de cada caso. Es importante tener en cuenta que para realizar este tr\u00e1mite, debemos consultar la superficie Predial y frente Predial m\u00ednimo normado en cada Plan Regulador comunal. Documentos requeridos para la confecci\u00f3n [&hellip;]\" \/>\n<meta property=\"og:url\" content=\"https:\/\/fundar.cl\/santiago\/servicios\/subdivisiones-fusiones-copropiedad\/\" \/>\n<meta property=\"og:site_name\" content=\"Fundar\" \/>\n<meta property=\"article:modified_time\" content=\"2019-10-09T16:33:06+00:00\" \/>\n<meta name=\"twitter:card\" content=\"summary_large_image\" \/>\n<meta name=\"twitter:label1\" content=\"Est. reading time\">\n\t<meta name=\"twitter:data1\" content=\"1 minuto\">\n<script type=\"application\/ld+json\" class=\"yoast-schema-graph\">{\"@context\":\"https:\/\/schema.org\",\"@graph\":[{\"@type\":\"WebSite\",\"@id\":\"https:\/\/fundar.cl\/santiago\/#website\",\"url\":\"https:\/\/fundar.cl\/santiago\/\",\"name\":\"Fundar\",\"description\":\"Arquitectura Integral\",\"potentialAction\":[{\"@type\":\"SearchAction\",\"target\":\"https:\/\/fundar.cl\/santiago\/?s={search_term_string}\",\"query-input\":\"required name=search_term_string\"}],\"inLanguage\":\"es-CL\"},{\"@type\":\"WebPage\",\"@id\":\"https:\/\/fundar.cl\/santiago\/servicios\/subdivisiones-fusiones-copropiedad\/#webpage\",\"url\":\"https:\/\/fundar.cl\/santiago\/servicios\/subdivisiones-fusiones-copropiedad\/\",\"name\":\"Subdivisiones Fusiones Copropiedad - Fundar\",\"isPartOf\":{\"@id\":\"https:\/\/fundar.cl\/santiago\/#website\"},\"datePublished\":\"2019-09-03T18:07:29+00:00\",\"dateModified\":\"2019-10-09T16:33:06+00:00\",\"breadcrumb\":{\"@id\":\"https:\/\/fundar.cl\/santiago\/servicios\/subdivisiones-fusiones-copropiedad\/#breadcrumb\"},\"inLanguage\":\"es-CL\",\"potentialAction\":[{\"@type\":\"ReadAction\",\"target\":[\"https:\/\/fundar.cl\/santiago\/servicios\/subdivisiones-fusiones-copropiedad\/\"]}]},{\"@type\":\"BreadcrumbList\",\"@id\":\"https:\/\/fundar.cl\/santiago\/servicios\/subdivisiones-fusiones-copropiedad\/#breadcrumb\",\"itemListElement\":[{\"@type\":\"ListItem\",\"position\":1,\"item\":{\"@type\":\"WebPage\",\"@id\":\"https:\/\/fundar.cl\/santiago\/\",\"url\":\"https:\/\/fundar.cl\/santiago\/\",\"name\":\"Portada\"}},{\"@type\":\"ListItem\",\"position\":2,\"item\":{\"@type\":\"WebPage\",\"@id\":\"https:\/\/fundar.cl\/santiago\/servicios\/\",\"url\":\"https:\/\/fundar.cl\/santiago\/servicios\/\",\"name\":\"Servicios\"}},{\"@type\":\"ListItem\",\"position\":3,\"item\":{\"@type\":\"WebPage\",\"@id\":\"https:\/\/fundar.cl\/santiago\/servicios\/subdivisiones-fusiones-copropiedad\/\",\"url\":\"https:\/\/fundar.cl\/santiago\/servicios\/subdivisiones-fusiones-copropiedad\/\",\"name\":\"Subdivisiones Fusiones Copropiedad\"}}]}]}<\/script>\n<!-- \/ Yoast SEO plugin. -->","_links":{"self":[{"href":"https:\/\/fundar.cl\/santiago\/wp-json\/wp\/v2\/pages\/124"}],"collection":[{"href":"https:\/\/fundar.cl\/santiago\/wp-json\/wp\/v2\/pages"}],"about":[{"href":"https:\/\/fundar.cl\/santiago\/wp-json\/wp\/v2\/types\/page"}],"author":[{"embeddable":true,"href":"https:\/\/fundar.cl\/santiago\/wp-json\/wp\/v2\/users\/4"}],"replies":[{"embeddable":true,"href":"https:\/\/fundar.cl\/santiago\/wp-json\/wp\/v2\/comments?post=124"}],"version-history":[{"count":6,"href":"https:\/\/fundar.cl\/santiago\/wp-json\/wp\/v2\/pages\/124\/revisions"}],"predecessor-version":[{"id":314,"href":"https:\/\/fundar.cl\/santiago\/wp-json\/wp\/v2\/pages\/124\/revisions\/314"}],"up":[{"embeddable":true,"href":"https:\/\/fundar.cl\/santiago\/wp-json\/wp\/v2\/pages\/7"}],"wp:attachment":[{"href":"https:\/\/fundar.cl\/santiago\/wp-json\/wp\/v2\/media?parent=124"}],"curies":[{"name":"wp","href":"https:\/\/api.w.org\/{rel}","templated":true}]}}