{"id":122,"date":"2019-09-03T14:06:37","date_gmt":"2019-09-03T18:06:37","guid":{"rendered":"https:\/\/fundar.cl\/santiago\/?page_id=122"},"modified":"2019-10-09T12:32:50","modified_gmt":"2019-10-09T16:32:50","slug":"obras-menores-2","status":"publish","type":"page","link":"https:\/\/fundar.cl\/santiago\/servicios\/obras-menores-2\/","title":{"rendered":"Obras Menores"},"content":{"rendered":"\t\t<div data-elementor-type=\"wp-post\" data-elementor-id=\"122\" class=\"elementor elementor-122\" data-elementor-settings=\"[]\">\n\t\t\t\t\t\t<div class=\"elementor-inner\">\n\t\t\t\t\t\t\t<div class=\"elementor-section-wrap\">\n\t\t\t\t\t\t\t<section class=\"elementor-section elementor-top-section elementor-element elementor-element-741abc7 elementor-section-height-min-height elementor-section-boxed elementor-section-height-default elementor-section-items-middle\" data-id=\"741abc7\" data-element_type=\"section\" data-settings=\"{&quot;background_background&quot;:&quot;classic&quot;}\">\n\t\t\t\t\t\t\t<div class=\"elementor-background-overlay\"><\/div>\n\t\t\t\t\t\t\t<div class=\"elementor-container elementor-column-gap-default\">\n\t\t\t\t\t\t\t<div class=\"elementor-row\">\n\t\t\t\t\t<div class=\"elementor-column elementor-col-100 elementor-top-column elementor-element elementor-element-d2c948b\" data-id=\"d2c948b\" data-element_type=\"column\">\n\t\t\t<div class=\"elementor-column-wrap elementor-element-populated\">\n\t\t\t\t\t\t\t<div class=\"elementor-widget-wrap\">\n\t\t\t\t\t\t<section class=\"elementor-section elementor-inner-section elementor-element elementor-element-7ce8fbb elementor-section-boxed elementor-section-height-default elementor-section-height-default\" data-id=\"7ce8fbb\" data-element_type=\"section\">\n\t\t\t\t\t\t<div class=\"elementor-container elementor-column-gap-default\">\n\t\t\t\t\t\t\t<div class=\"elementor-row\">\n\t\t\t\t\t<div class=\"elementor-column elementor-col-100 elementor-inner-column elementor-element elementor-element-ae02b20\" data-id=\"ae02b20\" data-element_type=\"column\">\n\t\t\t<div class=\"elementor-column-wrap elementor-element-populated\">\n\t\t\t\t\t\t\t<div class=\"elementor-widget-wrap\">\n\t\t\t\t\t\t<div class=\"elementor-element elementor-element-4bec864 elementor-widget-divider--view-line elementor-widget elementor-widget-divider\" data-id=\"4bec864\" data-element_type=\"widget\" data-widget_type=\"divider.default\">\n\t\t\t\t<div class=\"elementor-widget-container\">\n\t\t\t\t\t<div class=\"elementor-divider\">\n\t\t\t<span class=\"elementor-divider-separator\">\n\t\t\t\t\t\t<\/span>\n\t\t<\/div>\n\t\t\t\t<\/div>\n\t\t\t\t<\/div>\n\t\t\t\t<div class=\"elementor-element elementor-element-9c0a3c2 elementor-mobile-align-center elementor-widget elementor-widget-button\" data-id=\"9c0a3c2\" data-element_type=\"widget\" data-widget_type=\"button.default\">\n\t\t\t\t<div class=\"elementor-widget-container\">\n\t\t\t\t\t<div class=\"elementor-button-wrapper\">\n\t\t\t<a href=\"https:\/\/fundar.cl\/santiago\/servicios\/\" class=\"elementor-button-link elementor-button elementor-size-md\" role=\"button\">\n\t\t\t\t\t\t<span class=\"elementor-button-content-wrapper\">\n\t\t\t\t\t\t<span class=\"elementor-button-icon elementor-align-icon-left\">\n\t\t\t\t<i aria-hidden=\"true\" class=\"far fa-arrow-alt-circle-left\"><\/i>\t\t\t<\/span>\n\t\t\t\t\t\t<span class=\"elementor-button-text\">Volver a Servicios<\/span>\n\t\t<\/span>\n\t\t\t\t\t<\/a>\n\t\t<\/div>\n\t\t\t\t<\/div>\n\t\t\t\t<\/div>\n\t\t\t\t\t\t<\/div>\n\t\t\t\t\t<\/div>\n\t\t<\/div>\n\t\t\t\t\t\t\t\t<\/div>\n\t\t\t\t\t<\/div>\n\t\t<\/section>\n\t\t\t\t\t\t<\/div>\n\t\t\t\t\t<\/div>\n\t\t<\/div>\n\t\t\t\t\t\t\t\t<\/div>\n\t\t\t\t\t<\/div>\n\t\t<\/section>\n\t\t\t\t<section class=\"elementor-section elementor-top-section elementor-element elementor-element-a05f78c elementor-section-boxed elementor-section-height-default elementor-section-height-default\" data-id=\"a05f78c\" data-element_type=\"section\">\n\t\t\t\t\t\t<div class=\"elementor-container elementor-column-gap-default\">\n\t\t\t\t\t\t\t<div class=\"elementor-row\">\n\t\t\t\t\t<div class=\"elementor-column elementor-col-100 elementor-top-column elementor-element elementor-element-d3f237d\" data-id=\"d3f237d\" data-element_type=\"column\">\n\t\t\t<div class=\"elementor-column-wrap elementor-element-populated\">\n\t\t\t\t\t\t\t<div class=\"elementor-widget-wrap\">\n\t\t\t\t\t\t<div class=\"elementor-element elementor-element-fba5771 elementor-widget elementor-widget-spacer\" data-id=\"fba5771\" data-element_type=\"widget\" data-widget_type=\"spacer.default\">\n\t\t\t\t<div class=\"elementor-widget-container\">\n\t\t\t\t\t<div class=\"elementor-spacer\">\n\t\t\t<div class=\"elementor-spacer-inner\"><\/div>\n\t\t<\/div>\n\t\t\t\t<\/div>\n\t\t\t\t<\/div>\n\t\t\t\t<div class=\"elementor-element elementor-element-9ce8396 elementor-widget elementor-widget-text-editor\" data-id=\"9ce8396\" data-element_type=\"widget\" data-widget_type=\"text-editor.default\">\n\t\t\t\t<div class=\"elementor-widget-container\">\n\t\t\t\t\t<div class=\"elementor-text-editor elementor-clearfix\">Se define como Obra Menor a todas aquellas ampliaciones realizadas en una edificaci\u00f3n existente no superando los 100 mts2 construidos. Tambi\u00e9n se denomina como una Obra Menor a aquellas alteraciones interiores (sin aumento de superficie) realizadas en una edificaci\u00f3n que ya cuenta con Recepci\u00f3n Final otorgada por la Direcci\u00f3n de Obras Municipales y\/o modificaciones interiores (sin aumento de superficie) realizadas en una edificaci\u00f3n que solamente cuenta con Permiso de Edificaci\u00f3n.\n<br><br>\n  \n<strong>Documentos requeridos para la confecci\u00f3n de un expediente:<\/strong>\n<br><br>\n \n&#8211; Certificado de Informes Previos<br>\n&#8211; Copia plano de Arquitectura (edificaci\u00f3n original) <br>\n&#8211; Fotocopia Permiso de Edificaci\u00f3n (edificaci\u00f3n original) <br>\n&#8211; Fotocopia Certificado de Recepci\u00f3n Final (edificaci\u00f3n original)<br>\n&#8211; Fotocopia de Escritura\n<br><br>\n Nota: Todos estos antecedentes se obtienen a trav\u00e9s de la Direcci\u00f3n de Obras Municipales de cada Comuna a excepci\u00f3n de la fotocopia de escritura obtenida en el Conservador de Bienes Ra\u00edces. <\/div>\n\t\t\t\t<\/div>\n\t\t\t\t<\/div>\n\t\t\t\t<div class=\"elementor-element elementor-element-21947ae elementor-widget elementor-widget-spacer\" data-id=\"21947ae\" data-element_type=\"widget\" data-widget_type=\"spacer.default\">\n\t\t\t\t<div class=\"elementor-widget-container\">\n\t\t\t\t\t<div class=\"elementor-spacer\">\n\t\t\t<div class=\"elementor-spacer-inner\"><\/div>\n\t\t<\/div>\n\t\t\t\t<\/div>\n\t\t\t\t<\/div>\n\t\t\t\t\t\t<\/div>\n\t\t\t\t\t<\/div>\n\t\t<\/div>\n\t\t\t\t\t\t\t\t<\/div>\n\t\t\t\t\t<\/div>\n\t\t<\/section>\n\t\t\t\t<section class=\"elementor-section elementor-top-section elementor-element elementor-element-551066f elementor-section-boxed elementor-section-height-default elementor-section-height-default\" data-id=\"551066f\" data-element_type=\"section\" data-settings=\"{&quot;background_background&quot;:&quot;gradient&quot;}\">\n\t\t\t\t\t\t<div class=\"elementor-container elementor-column-gap-default\">\n\t\t\t\t\t\t\t<div class=\"elementor-row\">\n\t\t\t\t\t<div class=\"elementor-column elementor-col-100 elementor-top-column elementor-element elementor-element-78be837\" data-id=\"78be837\" data-element_type=\"column\">\n\t\t\t<div class=\"elementor-column-wrap elementor-element-populated\">\n\t\t\t\t\t\t\t<div class=\"elementor-widget-wrap\">\n\t\t\t\t\t\t<div class=\"elementor-element elementor-element-37c0c23 elementor-widget elementor-widget-spacer\" data-id=\"37c0c23\" data-element_type=\"widget\" data-widget_type=\"spacer.default\">\n\t\t\t\t<div class=\"elementor-widget-container\">\n\t\t\t\t\t<div class=\"elementor-spacer\">\n\t\t\t<div class=\"elementor-spacer-inner\"><\/div>\n\t\t<\/div>\n\t\t\t\t<\/div>\n\t\t\t\t<\/div>\n\t\t\t\t<div class=\"elementor-element elementor-element-3a83e8e elementor-view-default elementor-widget elementor-widget-icon\" data-id=\"3a83e8e\" data-element_type=\"widget\" data-widget_type=\"icon.default\">\n\t\t\t\t<div class=\"elementor-widget-container\">\n\t\t\t\t\t<div class=\"elementor-icon-wrapper\">\n\t\t\t<div class=\"elementor-icon\">\n\t\t\t<i aria-hidden=\"true\" class=\"fas fa-arrow-circle-down\"><\/i>\t\t\t<\/div>\n\t\t<\/div>\n\t\t\t\t<\/div>\n\t\t\t\t<\/div>\n\t\t\t\t<div class=\"elementor-element elementor-element-0a80f20 elementor-widget elementor-widget-heading\" data-id=\"0a80f20\" data-element_type=\"widget\" data-widget_type=\"heading.default\">\n\t\t\t\t<div class=\"elementor-widget-container\">\n\t\t\t<div class=\"elementor-heading-title elementor-size-default\">Para mayor informaci\u00f3n,<br> comun\u00edquese con nosotros y lo asesoraremos a la brevedad.<\/div>\t\t<\/div>\n\t\t\t\t<\/div>\n\t\t\t\t<div class=\"elementor-element elementor-element-be22f51 elementor-widget elementor-widget-spacer\" data-id=\"be22f51\" data-element_type=\"widget\" data-widget_type=\"spacer.default\">\n\t\t\t\t<div class=\"elementor-widget-container\">\n\t\t\t\t\t<div class=\"elementor-spacer\">\n\t\t\t<div class=\"elementor-spacer-inner\"><\/div>\n\t\t<\/div>\n\t\t\t\t<\/div>\n\t\t\t\t<\/div>\n\t\t\t\t<div class=\"elementor-element elementor-element-3dd8711 elementor-align-center elementor-widget elementor-widget-button\" data-id=\"3dd8711\" data-element_type=\"widget\" data-widget_type=\"button.default\">\n\t\t\t\t<div class=\"elementor-widget-container\">\n\t\t\t\t\t<div class=\"elementor-button-wrapper\">\n\t\t\t<a href=\"https:\/\/fundar.cl\/santiago\/contacto\/\" class=\"elementor-button-link elementor-button elementor-size-md\" role=\"button\">\n\t\t\t\t\t\t<span class=\"elementor-button-content-wrapper\">\n\t\t\t\t\t\t<span class=\"elementor-button-icon elementor-align-icon-left\">\n\t\t\t\t<i aria-hidden=\"true\" class=\"far fa-comment\"><\/i>\t\t\t<\/span>\n\t\t\t\t\t\t<span class=\"elementor-button-text\">Cont\u00e1ctanos<\/span>\n\t\t<\/span>\n\t\t\t\t\t<\/a>\n\t\t<\/div>\n\t\t\t\t<\/div>\n\t\t\t\t<\/div>\n\t\t\t\t<div class=\"elementor-element elementor-element-3aaaaf7 elementor-widget elementor-widget-spacer\" data-id=\"3aaaaf7\" data-element_type=\"widget\" data-widget_type=\"spacer.default\">\n\t\t\t\t<div class=\"elementor-widget-container\">\n\t\t\t\t\t<div class=\"elementor-spacer\">\n\t\t\t<div class=\"elementor-spacer-inner\"><\/div>\n\t\t<\/div>\n\t\t\t\t<\/div>\n\t\t\t\t<\/div>\n\t\t\t\t\t\t<\/div>\n\t\t\t\t\t<\/div>\n\t\t<\/div>\n\t\t\t\t\t\t\t\t<\/div>\n\t\t\t\t\t<\/div>\n\t\t<\/section>\n\t\t\t\t\t\t<\/div>\n\t\t\t\t\t\t<\/div>\n\t\t\t\t\t<\/div>\n\t\t","protected":false},"excerpt":{"rendered":"<p>Volver a Servicios Se define como Obra Menor a todas aquellas ampliaciones realizadas en una edificaci\u00f3n existente no superando los 100 mts2 construidos. Tambi\u00e9n se denomina como una Obra Menor a aquellas alteraciones interiores (sin aumento de superficie) realizadas en una edificaci\u00f3n que ya cuenta con Recepci\u00f3n Final otorgada por la Direcci\u00f3n de Obras Municipales [&hellip;]<\/p>\n","protected":false},"author":4,"featured_media":0,"parent":7,"menu_order":0,"comment_status":"closed","ping_status":"closed","template":"elementor_header_footer","meta":[],"yoast_head":"<!-- This site is optimized with the Yoast SEO plugin v15.8 - https:\/\/yoast.com\/wordpress\/plugins\/seo\/ -->\n<title>Obras Menores - Fundar<\/title>\n<meta name=\"robots\" content=\"index, follow, max-snippet:-1, max-image-preview:large, max-video-preview:-1\" \/>\n<link rel=\"canonical\" href=\"https:\/\/fundar.cl\/santiago\/servicios\/obras-menores-2\/\" \/>\n<meta property=\"og:locale\" content=\"es_ES\" \/>\n<meta property=\"og:type\" content=\"article\" \/>\n<meta property=\"og:title\" content=\"Obras Menores - Fundar\" \/>\n<meta property=\"og:description\" content=\"Volver a Servicios Se define como Obra Menor a todas aquellas ampliaciones realizadas en una edificaci\u00f3n existente no superando los 100 mts2 construidos. Tambi\u00e9n se denomina como una Obra Menor a aquellas alteraciones interiores (sin aumento de superficie) realizadas en una edificaci\u00f3n que ya cuenta con Recepci\u00f3n Final otorgada por la Direcci\u00f3n de Obras Municipales [&hellip;]\" \/>\n<meta property=\"og:url\" content=\"https:\/\/fundar.cl\/santiago\/servicios\/obras-menores-2\/\" \/>\n<meta property=\"og:site_name\" content=\"Fundar\" \/>\n<meta property=\"article:modified_time\" content=\"2019-10-09T16:32:50+00:00\" \/>\n<meta name=\"twitter:card\" content=\"summary_large_image\" \/>\n<meta name=\"twitter:label1\" content=\"Est. reading time\">\n\t<meta name=\"twitter:data1\" content=\"1 minuto\">\n<script type=\"application\/ld+json\" class=\"yoast-schema-graph\">{\"@context\":\"https:\/\/schema.org\",\"@graph\":[{\"@type\":\"WebSite\",\"@id\":\"https:\/\/fundar.cl\/santiago\/#website\",\"url\":\"https:\/\/fundar.cl\/santiago\/\",\"name\":\"Fundar\",\"description\":\"Arquitectura Integral\",\"potentialAction\":[{\"@type\":\"SearchAction\",\"target\":\"https:\/\/fundar.cl\/santiago\/?s={search_term_string}\",\"query-input\":\"required name=search_term_string\"}],\"inLanguage\":\"es-CL\"},{\"@type\":\"WebPage\",\"@id\":\"https:\/\/fundar.cl\/santiago\/servicios\/obras-menores-2\/#webpage\",\"url\":\"https:\/\/fundar.cl\/santiago\/servicios\/obras-menores-2\/\",\"name\":\"Obras Menores - Fundar\",\"isPartOf\":{\"@id\":\"https:\/\/fundar.cl\/santiago\/#website\"},\"datePublished\":\"2019-09-03T18:06:37+00:00\",\"dateModified\":\"2019-10-09T16:32:50+00:00\",\"breadcrumb\":{\"@id\":\"https:\/\/fundar.cl\/santiago\/servicios\/obras-menores-2\/#breadcrumb\"},\"inLanguage\":\"es-CL\",\"potentialAction\":[{\"@type\":\"ReadAction\",\"target\":[\"https:\/\/fundar.cl\/santiago\/servicios\/obras-menores-2\/\"]}]},{\"@type\":\"BreadcrumbList\",\"@id\":\"https:\/\/fundar.cl\/santiago\/servicios\/obras-menores-2\/#breadcrumb\",\"itemListElement\":[{\"@type\":\"ListItem\",\"position\":1,\"item\":{\"@type\":\"WebPage\",\"@id\":\"https:\/\/fundar.cl\/santiago\/\",\"url\":\"https:\/\/fundar.cl\/santiago\/\",\"name\":\"Portada\"}},{\"@type\":\"ListItem\",\"position\":2,\"item\":{\"@type\":\"WebPage\",\"@id\":\"https:\/\/fundar.cl\/santiago\/servicios\/\",\"url\":\"https:\/\/fundar.cl\/santiago\/servicios\/\",\"name\":\"Servicios\"}},{\"@type\":\"ListItem\",\"position\":3,\"item\":{\"@type\":\"WebPage\",\"@id\":\"https:\/\/fundar.cl\/santiago\/servicios\/obras-menores-2\/\",\"url\":\"https:\/\/fundar.cl\/santiago\/servicios\/obras-menores-2\/\",\"name\":\"Obras Menores\"}}]}]}<\/script>\n<!-- \/ Yoast SEO plugin. -->","_links":{"self":[{"href":"https:\/\/fundar.cl\/santiago\/wp-json\/wp\/v2\/pages\/122"}],"collection":[{"href":"https:\/\/fundar.cl\/santiago\/wp-json\/wp\/v2\/pages"}],"about":[{"href":"https:\/\/fundar.cl\/santiago\/wp-json\/wp\/v2\/types\/page"}],"author":[{"embeddable":true,"href":"https:\/\/fundar.cl\/santiago\/wp-json\/wp\/v2\/users\/4"}],"replies":[{"embeddable":true,"href":"https:\/\/fundar.cl\/santiago\/wp-json\/wp\/v2\/comments?post=122"}],"version-history":[{"count":5,"href":"https:\/\/fundar.cl\/santiago\/wp-json\/wp\/v2\/pages\/122\/revisions"}],"predecessor-version":[{"id":312,"href":"https:\/\/fundar.cl\/santiago\/wp-json\/wp\/v2\/pages\/122\/revisions\/312"}],"up":[{"embeddable":true,"href":"https:\/\/fundar.cl\/santiago\/wp-json\/wp\/v2\/pages\/7"}],"wp:attachment":[{"href":"https:\/\/fundar.cl\/santiago\/wp-json\/wp\/v2\/media?parent=122"}],"curies":[{"name":"wp","href":"https:\/\/api.w.org\/{rel}","templated":true}]}}